{"id":2412,"date":"2025-02-27T18:10:30","date_gmt":"2025-02-27T18:10:30","guid":{"rendered":"https:\/\/blancoetcheverry.com\/v2025\/?page_id=2412"},"modified":"2025-07-17T17:32:11","modified_gmt":"2025-07-17T17:32:11","slug":"agustin-etcheverry","status":"publish","type":"page","link":"https:\/\/blancoetcheverry.com\/v2025\/index.php\/agustin-etcheverry\/","title":{"rendered":"Agust\u00edn Etcheverry"},"content":{"rendered":"\t\t<div data-elementor-type=\"wp-page\" data-elementor-id=\"2412\" class=\"elementor elementor-2412\">\n\t\t\t\t<div class=\"elementor-element elementor-element-49cf136 e-con-full e-flex e-con e-parent\" data-id=\"49cf136\" data-element_type=\"container\">\n\t\t\t\t<div class=\"elementor-element elementor-element-4754e1d elementor-widget__width-initial grid_gap-0 elementor-widget elementor-widget-gt3-core-team\" data-id=\"4754e1d\" data-element_type=\"widget\" data-widget_type=\"gt3-core-team.default\">\n\t\t\t\t<div class=\"elementor-widget-container\">\n\t\t\t\t\t\t<div class=\"module_team type2\" data-post-index=\"1\">\r\n\t\t<div class=\"shortcode_team \">\r\n\t\t\t<div class=\"items1\">\r\n\t\t\t\t\t\t\t\t<ul class=\"item_list \">\r\n\t\t\t\t\t<li class=\"item-team-member socios\"><div class=\"item_wrapper\"><div class=\"item\"><div class=\"team_img featured_img\"><img decoding=\"async\"  srcset=\"https:\/\/blancoetcheverry.com\/v2025\/wp-content\/uploads\/2019\/09\/etcheverry-agustin-1-e1747250578158-1920x1920.jpg 1920w, https:\/\/blancoetcheverry.com\/v2025\/wp-content\/uploads\/2019\/09\/etcheverry-agustin-1-e1747250578158-1600x1600.jpg 1600w, https:\/\/blancoetcheverry.com\/v2025\/wp-content\/uploads\/2019\/09\/etcheverry-agustin-1-e1747250578158-1200x1200.jpg 1200w, https:\/\/blancoetcheverry.com\/v2025\/wp-content\/uploads\/2019\/09\/etcheverry-agustin-1-e1747250578158-992x992.jpg 992w, https:\/\/blancoetcheverry.com\/v2025\/wp-content\/uploads\/2019\/09\/etcheverry-agustin-1-e1747250578158-768x768.jpg 768w, https:\/\/blancoetcheverry.com\/v2025\/wp-content\/uploads\/2019\/09\/etcheverry-agustin-1-e1747250578158-600x600.jpg 600w,https:\/\/blancoetcheverry.com\/v2025\/wp-content\/uploads\/2019\/09\/etcheverry-agustin-1-e1747250578158-420x420.jpg 420w\" src=\"https:\/\/blancoetcheverry.com\/v2025\/wp-content\/uploads\/2019\/09\/etcheverry-agustin-1-e1747250578158-1600x1600.jpg\" sizes=\"(min-width: 1600px) 1920px, (min-width: 1200px) 1600px, (min-width: 992px) 1200px, (min-width: 768px) 992px, (min-width: 600px) 768px, (min-width: 420px) 600px, (max-width: 600px) 420px\" title=\"etcheverry-agustin\"  alt=\"etcheverry-agustin\" \/><\/div><div class=\"team_icons_wrapper\"><div class=\"member-icons\"><div class=\"team-icons\"><a href=\"#\" class=\"member-icon fa fa-linkedin\" ><span><\/span><\/a><\/div><\/div><\/div><div class=\"team-infobox\"><div class=\"team_title\"><div class=\"team_title_wrapper\"><h3 class=\"team_title__text\">Agust\u00edn Etcheverry<\/h3><div class=\"team-positions\">A B O G A D O - S O C I O<\/div><\/div><\/div><div class=\"gt3_single_team_info\"><div class=\"gt3_single_team_info__item\"><h4>MAIL<\/h4><a href=\"http:\/\/aetcheverry@blancoetcheverry.com\" target=\"_blank\"><span>aetcheverry@blancoetcheverry.com<\/span><\/a><\/div><\/div><\/div><\/div><\/div><\/li>\t\t\t\t<\/ul>\r\n\t\t\t\t<div class=\"clear\"><\/div>\r\n\t\t\t<\/div>\r\n\t\t<\/div>\r\n\t\t\t<\/div>\r\n<script type=\"application\/json\" id=\"settings--4754e1d\">{\"type\":\"type2\",\"pagination_en\":false,\"posts_per_line\":1,\"grid_gap\":\"0\",\"query\":{\"post_status\":[\"publish\"],\"post_type\":\"team\",\"posts_per_page\":\"1\",\"post__in\":[\"923\"],\"paged\":1},\"link_post\":\"\",\"custom_item_height\":\"\",\"show_social\":\"yes\",\"show_position\":\"yes\",\"show_title\":\"yes\",\"show_description\":\"yes\"}<\/script>\t\t\t\t<\/div>\n\t\t\t\t<\/div>\n\t\t\t\t<div class=\"elementor-element elementor-element-0b8e741 elementor-widget elementor-widget-spacer\" data-id=\"0b8e741\" data-element_type=\"widget\" data-widget_type=\"spacer.default\">\n\t\t\t\t<div class=\"elementor-widget-container\">\n\t\t\t\t\t\t\t<div class=\"elementor-spacer\">\n\t\t\t<div class=\"elementor-spacer-inner\"><\/div>\n\t\t<\/div>\n\t\t\t\t\t\t<\/div>\n\t\t\t\t<\/div>\n\t\t<div class=\"elementor-element elementor-element-06fa0e2 e-con-full e-flex e-con e-child\" data-id=\"06fa0e2\" data-element_type=\"container\">\n\t\t\t\t<div class=\"elementor-element-custom_font_family elementor-element-custom_font_weight elementor-element-custom_color elementor-element elementor-element-55f5af8 elementor-widget__width-initial elementor-widget elementor-widget-text-editor\" data-id=\"55f5af8\" data-element_type=\"widget\" data-widget_type=\"text-editor.default\">\n\t\t\t\t<div class=\"elementor-widget-container\">\n\t\t\t\t\t\t\t\t\t<div class=\"elementor-element elementor-element-2432dae elementor-widget elementor-widget-heading\" data-id=\"2432dae\" data-element_type=\"widget\" data-widget_type=\"heading.default\">\n<div class=\"elementor-widget-container\">\n<h3 class=\"elementor-heading-title elementor-size-default\"><strong>Experiencia<\/strong><\/h3>\n<div>&nbsp;<\/div>\n<\/div>\n<\/div>\n<div class=\"elementor-element-custom_font_family elementor-element-custom_font_weight elementor-element-custom_color elementor-element elementor-element-b72c953 elementor-widget elementor-widget-text-editor\" data-id=\"b72c953\" data-element_type=\"widget\" data-widget_type=\"text-editor.default\">\n<div class=\"elementor-widget-container\">\n<p><span>Agust\u00edn ha sido reconocido como experto y creativo en fusiones y adquisiciones y asuntos corporativos por clientes y pares.&nbsp;<\/span><span>Cuenta con m\u00e1s de 25 a\u00f1os de asesoraramiento en temas tributarios, as\u00ed como en materia de auditor\u00eda de cumplimiento. <br><\/span><br>Tambi\u00e9n se dedica al derecho contractual, que va desde fusiones y adquisiciones; finanzas; acuerdo de licitaci\u00f3n con el gobierno, as\u00ed como acuerdos diarios solicitados por clientes de varias industrias.<span class=\"Apple-converted-space\">&nbsp;<\/span><\/p>\n<\/div>\n<\/div>\n<div class=\"elementor-element-custom_font_family elementor-element-custom_font_weight elementor-element-custom_color elementor-element elementor-element-47d0a44 elementor-widget elementor-widget-text-editor\" data-id=\"47d0a44\" data-element_type=\"widget\" data-widget_type=\"text-editor.default\">\n<div class=\"elementor-widget-container\">\n<p><span>Chambers &amp; Partners lo menciona como abogado l\u00edder en sus ediciones Global y Am\u00e9rica Latina de 2016, donde los clientes lo han descrito como \u00abmuy inteligente en aspectos estrat\u00e9gicos\u00bb y como quien \u00abconoce c\u00f3mo estructurar y llevar adelante un negocio\u00bb.<span class=\"Apple-converted-space\">&nbsp;<br><\/span><\/span><span><br><\/span><span>Adem\u00e1s, es especialista en Comercio Exterior y agente de propiedad intelectual. <\/span><span>Fue profesor de Aspectos del Derecho Comercial en la Universidad ORT del Uruguay y en la Universidad de la Rep\u00fablica Oriental del Uruguay.<span class=\"Apple-converted-space\">&nbsp;<\/span><\/span><\/p>\n<p>Ha sido distinguido en Chambers &amp; Partners 2019 en las \u00e1reas Corporativo, M&amp;A, Impuestos y Bienes Ra\u00edces.&nbsp;<\/p>\n<\/div>\n<\/div>\t\t\t\t\t\t\t\t<\/div>\n\t\t\t\t<\/div>\n\t\t\t\t<div class=\"elementor-element elementor-element-2600735 elementor-widget-divider--view-line elementor-widget elementor-widget-divider\" data-id=\"2600735\" data-element_type=\"widget\" data-widget_type=\"divider.default\">\n\t\t\t\t<div class=\"elementor-widget-container\">\n\t\t\t\t\t\t\t<div class=\"elementor-divider\">\n\t\t\t<span class=\"elementor-divider-separator\">\n\t\t\t\t\t\t<\/span>\n\t\t<\/div>\n\t\t\t\t\t\t<\/div>\n\t\t\t\t<\/div>\n\t\t\t\t<div class=\"elementor-element-custom_font_family elementor-element-custom_font_weight elementor-element-custom_color elementor-element elementor-element-db55a5a elementor-widget elementor-widget-text-editor\" data-id=\"db55a5a\" data-element_type=\"widget\" data-widget_type=\"text-editor.default\">\n\t\t\t\t<div class=\"elementor-widget-container\">\n\t\t\t\t\t\t\t\t\t<h4><b>\u00c1REAS DE PR\u00c1CTICA E INDUSTRIAS<\/b><b><\/b><\/h4><ul><li><span>Derecho contractual<\/span><\/li><li><span>Proyectos de inversi\u00f3n y construcci\u00f3n<\/span><\/li><li><span>Asesor\u00eda en Antimonopolio y competencia<\/span><\/li><li><span>Impuestos y zonas francas<\/span><\/li><li><span>Derecho corporativo<\/span><\/li><li><span>Fusiones y adquisiciones<\/span><\/li><\/ul>\t\t\t\t\t\t\t\t<\/div>\n\t\t\t\t<\/div>\n\t\t\t\t<\/div>\n\t\t<div class=\"elementor-element elementor-element-068a4c8 e-con-full e-flex e-con e-child\" data-id=\"068a4c8\" data-element_type=\"container\">\n\t\t\t\t<div class=\"elementor-element-custom_font_family elementor-element-custom_font_weight elementor-element-custom_color elementor-element elementor-element-9ac2357 elementor-widget elementor-widget-text-editor\" data-id=\"9ac2357\" data-element_type=\"widget\" data-widget_type=\"text-editor.default\">\n\t\t\t\t<div class=\"elementor-widget-container\">\n\t\t\t\t\t\t\t\t\t<p><b>REFERENCIAS Y RECONOCIMIENTOS<\/b><b><\/b><\/p><ul><li><span>Chambers &amp; Partners\u00a0<\/span><\/li><li><span>Legal 500\u00a0<\/span><\/li><li><span><span><span>Leaders League<\/span><\/span><\/span><\/li><\/ul>\t\t\t\t\t\t\t\t<\/div>\n\t\t\t\t<\/div>\n\t\t\t\t<div class=\"elementor-element elementor-element-ebe9eda elementor-widget-divider--view-line elementor-widget elementor-widget-divider\" data-id=\"ebe9eda\" data-element_type=\"widget\" data-widget_type=\"divider.default\">\n\t\t\t\t<div class=\"elementor-widget-container\">\n\t\t\t\t\t\t\t<div class=\"elementor-divider\">\n\t\t\t<span class=\"elementor-divider-separator\">\n\t\t\t\t\t\t<\/span>\n\t\t<\/div>\n\t\t\t\t\t\t<\/div>\n\t\t\t\t<\/div>\n\t\t\t\t<div class=\"elementor-element-custom_font_family elementor-element-custom_font_weight elementor-element-custom_color elementor-element elementor-element-7676f6e elementor-widget elementor-widget-text-editor\" data-id=\"7676f6e\" data-element_type=\"widget\" data-widget_type=\"text-editor.default\">\n\t\t\t\t<div class=\"elementor-widget-container\">\n\t\t\t\t\t\t\t\t\t<p><b>EDUCACI\u00d3N<\/b><b><\/b><\/p><ul><li aria-level=\"1\"><span>Doctor en Derecho y Ciencias Sociales, Universidad de la Rep\u00fablica (Uruguay).\u00a0<\/span><\/li><li aria-level=\"1\"><span>Maestr\u00eda (LLM) en Derecho Empresarial, American University (Washington D.C., EE.UU).<\/span><\/li><li aria-level=\"1\"><span><span><span>Especialista en Comercio Exterior, Universidad Cat\u00f3lica del Uruguay, 1993.<br \/><\/span><\/span><\/span><p style=\"margin-bottom: 0px; padding-bottom: 1em; border: 0px; outline: 0px; font-size: 16px; vertical-align: baseline; background: none; line-height: 1.5em; caret-color: #666666; color: #666666; font-family: 'Open Sans', Arial, sans-serif;\"><b style=\"margin: 0px; padding: 0px; border: 0px; outline: 0px; vertical-align: baseline; background: none;\">MEMBRES\u00cdAS<\/b><b style=\"margin: 0px; padding: 0px; border: 0px; outline: 0px; vertical-align: baseline; background: none;\"><\/b><\/p><span style=\"margin: 0px; padding: 0px; border: 0px; outline: 0px; vertical-align: baseline; background: none;\">Miembro de la American Bar Association \u2013 Secci\u00f3n Internacional Derecho<\/span><span style=\"margin: 0px; padding: 0px; border: 0px; outline: 0px; vertical-align: baseline; background: none;\">Miembro del Colegio de Abogados\u00a0<\/span><br \/><h4 style=\"padding-bottom: 1em; border: 0px; outline: 0px; font-size: 16px; vertical-align: baseline; background: none; line-height: 1.5em; color: #666666; font-family: 'Open Sans', Arial, sans-serif;\">\u00a0<\/h4><h4 style=\"padding-bottom: 1em; border: 0px; outline: 0px; font-size: 16px; vertical-align: baseline; background: none; line-height: 1.5em; color: #666666; font-family: 'Open Sans', Arial, sans-serif;\"><b style=\"margin: 0px; padding: 0px; border: 0px; outline: 0px; vertical-align: baseline; background: none;\">IDIOMAS<\/b><b style=\"margin: 0px; padding: 0px; border: 0px; outline: 0px; vertical-align: baseline; background: none;\"><\/b><\/h4><ul style=\"margin-top: 0px; padding-bottom: 23px; padding-left: 1em; border: 0px; outline: 0px; vertical-align: baseline; background: none; list-style: outside; line-height: 26px;\"><li style=\"padding-bottom: 0px; border: 0px; outline: 0px; vertical-align: baseline; background: none;\" aria-level=\"1\"><span style=\"margin: 0px; padding: 0px; border: 0px; outline: 0px; vertical-align: baseline; background: none;\">Espa\u00f1ol<\/span><\/li><li style=\"padding-bottom: 0px; border: 0px; outline: 0px; vertical-align: baseline; background: none;\" aria-level=\"1\"><span style=\"margin: 0px; padding: 0px; border: 0px; outline: 0px; vertical-align: baseline; background: none;\">Ingl\u00e9s<\/span><\/li><li style=\"border: 0px; outline: 0px; vertical-align: baseline; background: none;\" aria-level=\"1\"><span style=\"margin: 0px; padding: 0px; border: 0px; outline: 0px; vertical-align: baseline; background: none;\">Portugu\u00e9s<\/span><\/li><\/ul><\/li><\/ul>\t\t\t\t\t\t\t\t<\/div>\n\t\t\t\t<\/div>\n\t\t\t\t<\/div>\n\t\t\t\t<\/div>\n\t\t<div class=\"elementor-element elementor-element-2d7f492 e-flex e-con-boxed e-con e-parent\" data-id=\"2d7f492\" data-element_type=\"container\">\n\t\t\t\t\t<div class=\"e-con-inner\">\n\t\t\t\t\t<\/div>\n\t\t\t\t<\/div>\n\t\t\t\t<\/div>\n\t\t","protected":false},"excerpt":{"rendered":"<p>Agust\u00edn Etcheverry A B O G A D O | S O C I O MAIL aetcheverry@blancoetcheverry.com Experiencia &nbsp; Agust\u00edn ha sido reconocido como experto y creativo en fusiones y adquisiciones y asuntos corporativos por clientes y pares.&nbsp;Cuenta con m\u00e1s de 25 a\u00f1os de asesoraramiento en temas tributarios, as\u00ed como en materia de auditor\u00eda de [&hellip;]<\/p>\n","protected":false},"author":1,"featured_media":0,"parent":0,"menu_order":0,"comment_status":"closed","ping_status":"closed","template":"elementor_header_footer","meta":{"footnotes":""},"class_list":["post-2412","page","type-page","status-publish","hentry"],"_links":{"self":[{"href":"https:\/\/blancoetcheverry.com\/v2025\/index.php\/wp-json\/wp\/v2\/pages\/2412","targetHints":{"allow":["GET"]}}],"collection":[{"href":"https:\/\/blancoetcheverry.com\/v2025\/index.php\/wp-json\/wp\/v2\/pages"}],"about":[{"href":"https:\/\/blancoetcheverry.com\/v2025\/index.php\/wp-json\/wp\/v2\/types\/page"}],"author":[{"embeddable":true,"href":"https:\/\/blancoetcheverry.com\/v2025\/index.php\/wp-json\/wp\/v2\/users\/1"}],"replies":[{"embeddable":true,"href":"https:\/\/blancoetcheverry.com\/v2025\/index.php\/wp-json\/wp\/v2\/comments?post=2412"}],"version-history":[{"count":50,"href":"https:\/\/blancoetcheverry.com\/v2025\/index.php\/wp-json\/wp\/v2\/pages\/2412\/revisions"}],"predecessor-version":[{"id":3249,"href":"https:\/\/blancoetcheverry.com\/v2025\/index.php\/wp-json\/wp\/v2\/pages\/2412\/revisions\/3249"}],"wp:attachment":[{"href":"https:\/\/blancoetcheverry.com\/v2025\/index.php\/wp-json\/wp\/v2\/media?parent=2412"}],"curies":[{"name":"wp","href":"https:\/\/api.w.org\/{rel}","templated":true}]}}