{"id":2526,"date":"2025-03-05T13:33:23","date_gmt":"2025-03-05T13:33:23","guid":{"rendered":"https:\/\/blancoetcheverry.com\/v2025\/?page_id=2526"},"modified":"2025-08-27T18:38:15","modified_gmt":"2025-08-27T18:38:15","slug":"matias-lorenzo","status":"publish","type":"page","link":"https:\/\/blancoetcheverry.com\/v2025\/index.php\/matias-lorenzo\/","title":{"rendered":"Mat\u00edas Lorenzo"},"content":{"rendered":"\t\t<div data-elementor-type=\"wp-page\" data-elementor-id=\"2526\" class=\"elementor elementor-2526\">\n\t\t\t\t<div class=\"elementor-element elementor-element-d76f7e4 e-con-full e-flex e-con e-parent\" data-id=\"d76f7e4\" data-element_type=\"container\">\n\t\t\t\t<div class=\"elementor-element elementor-element-d3ddfa9 elementor-widget__width-initial grid_gap-0 elementor-widget elementor-widget-gt3-core-team\" data-id=\"d3ddfa9\" data-element_type=\"widget\" data-widget_type=\"gt3-core-team.default\">\n\t\t\t\t<div class=\"elementor-widget-container\">\n\t\t\t\t\t\t<div class=\"module_team type2\" data-post-index=\"1\">\r\n\t\t<div class=\"shortcode_team \">\r\n\t\t\t<div class=\"items1\">\r\n\t\t\t\t\t\t\t\t<ul class=\"item_list \">\r\n\t\t\t\t\t<li class=\"item-team-member contadores socios\"><div class=\"item_wrapper\"><div class=\"item\"><div class=\"team_img featured_img\"><img decoding=\"async\"  srcset=\"https:\/\/blancoetcheverry.com\/v2025\/wp-content\/uploads\/2019\/09\/Matias-Lorenzo-3-e1740678304668-1920x1920.jpg 1920w, https:\/\/blancoetcheverry.com\/v2025\/wp-content\/uploads\/2019\/09\/Matias-Lorenzo-3-e1740678304668-1600x1600.jpg 1600w, https:\/\/blancoetcheverry.com\/v2025\/wp-content\/uploads\/2019\/09\/Matias-Lorenzo-3-e1740678304668-1200x1200.jpg 1200w, https:\/\/blancoetcheverry.com\/v2025\/wp-content\/uploads\/2019\/09\/Matias-Lorenzo-3-e1740678304668-992x992.jpg 992w, https:\/\/blancoetcheverry.com\/v2025\/wp-content\/uploads\/2019\/09\/Matias-Lorenzo-3-e1740678304668-768x768.jpg 768w, https:\/\/blancoetcheverry.com\/v2025\/wp-content\/uploads\/2019\/09\/Matias-Lorenzo-3-e1740678304668-600x600.jpg 600w,https:\/\/blancoetcheverry.com\/v2025\/wp-content\/uploads\/2019\/09\/Matias-Lorenzo-3-e1740678304668-420x420.jpg 420w\" src=\"https:\/\/blancoetcheverry.com\/v2025\/wp-content\/uploads\/2019\/09\/Matias-Lorenzo-3-e1740678304668-1600x1600.jpg\" sizes=\"(min-width: 1600px) 1920px, (min-width: 1200px) 1600px, (min-width: 992px) 1200px, (min-width: 768px) 992px, (min-width: 600px) 768px, (min-width: 420px) 600px, (max-width: 600px) 420px\" title=\"Matias-Lorenzo-3\"  alt=\"Matias-Lorenzo-3\" \/><\/div><div class=\"team_icons_wrapper\"><div class=\"member-icons\"><div class=\"team-icons\"><a href=\"#\" class=\"member-icon fa fa-linkedin\" ><span><\/span><\/a><\/div><\/div><\/div><div class=\"team-infobox\"><div class=\"team_title\"><div class=\"team_title_wrapper\"><h3 class=\"team_title__text\">Mat\u00edas Lorenzo<\/h3><div class=\"team-positions\">C O N T A D O R - P \u00da B L I C O - S O C I O<\/div><\/div><\/div><div class=\"gt3_single_team_info\"><div class=\"gt3_single_team_info__item\"><h4>MAIL<\/h4><span>mlorenzo@blancoetcheverry.com<\/span><\/div><\/div><\/div><\/div><\/div><\/li>\t\t\t\t<\/ul>\r\n\t\t\t\t<div class=\"clear\"><\/div>\r\n\t\t\t<\/div>\r\n\t\t<\/div>\r\n\t\t\t<\/div>\r\n<script type=\"application\/json\" id=\"settings--d3ddfa9\">{\"type\":\"type2\",\"pagination_en\":false,\"posts_per_line\":1,\"grid_gap\":\"0\",\"query\":{\"post_status\":[\"publish\"],\"post_type\":\"team\",\"posts_per_page\":\"1\",\"post__in\":[\"750\"],\"paged\":1},\"link_post\":\"\",\"custom_item_height\":\"\",\"show_social\":\"yes\",\"show_position\":\"yes\",\"show_title\":\"yes\",\"show_description\":\"yes\"}<\/script>\t\t\t\t<\/div>\n\t\t\t\t<\/div>\n\t\t\t\t<div class=\"elementor-element elementor-element-63f2549 elementor-widget elementor-widget-spacer\" data-id=\"63f2549\" data-element_type=\"widget\" data-widget_type=\"spacer.default\">\n\t\t\t\t<div class=\"elementor-widget-container\">\n\t\t\t\t\t\t\t<div class=\"elementor-spacer\">\n\t\t\t<div class=\"elementor-spacer-inner\"><\/div>\n\t\t<\/div>\n\t\t\t\t\t\t<\/div>\n\t\t\t\t<\/div>\n\t\t<div class=\"elementor-element elementor-element-0170d25 e-con-full e-flex e-con e-child\" data-id=\"0170d25\" data-element_type=\"container\">\n\t\t\t\t<div class=\"elementor-element-custom_font_family elementor-element-custom_font_weight elementor-element-custom_color elementor-element elementor-element-062e679 elementor-widget__width-initial elementor-widget elementor-widget-text-editor\" data-id=\"062e679\" data-element_type=\"widget\" data-widget_type=\"text-editor.default\">\n\t\t\t\t<div class=\"elementor-widget-container\">\n\t\t\t\t\t\t\t\t\t<div class=\"elementor-element elementor-element-2432dae elementor-widget elementor-widget-heading\" data-id=\"2432dae\" data-element_type=\"widget\" data-widget_type=\"heading.default\">\n<div class=\"elementor-widget-container\">\n<h3 class=\"elementor-heading-title elementor-size-default\">Experiencia<\/h3>\n<\/div>\n<\/div>\n<div class=\"elementor-element-custom_font_family elementor-element-custom_font_weight elementor-element-custom_color elementor-element elementor-element-b72c953 elementor-widget elementor-widget-text-editor\" data-id=\"b72c953\" data-element_type=\"widget\" data-widget_type=\"text-editor.default\">\n<div class=\"elementor-widget-container\">&nbsp;<\/div>\n<\/div>\n<div class=\"elementor-element-custom_font_family elementor-element-custom_font_weight elementor-element-custom_color elementor-element elementor-element-47d0a44 elementor-widget elementor-widget-text-editor\" data-id=\"47d0a44\" data-element_type=\"widget\" data-widget_type=\"text-editor.default\">\n<div class=\"elementor-widget-container\">\n<div class=\"elementToProof\">Mat\u00edas cuenta con m\u00e1s de 15 a\u00f1os de trayectoria en asesoramiento contable y tributario, brindando consultor\u00eda a empresas nacionales e internacionales en planificaci\u00f3n fiscal, liquidaciones de impuestos y cumplimiento normativo.<br><br><\/div>\n<div class=\"elementToProof\">Ha liderado equipos de trabajo en estudios contables de primera l\u00ednea, coordinando el asesoramiento contable y tributario de clientes diversos tipos de clientes, con foco en la optimizaci\u00f3n de su estructura impositiva, en distintos sectores. Su experiencia incluye la gesti\u00f3n y liquidaci\u00f3n de impuestos en Uruguay, asesorando a clientes en planificaci\u00f3n tributaria local e internacional.<br><br><\/div>\n<div class=\"elementToProof\">Actualmente, como socio en Blanco &amp; Etcheverry, lidera las \u00e1reas de asesoramiento contable &#8211; tributario; y de consultor\u00eda, brindando soluciones estrat\u00e9gicas en materia impositiva.<\/div>\n<\/div>\n<\/div>\t\t\t\t\t\t\t\t<\/div>\n\t\t\t\t<\/div>\n\t\t\t\t<div class=\"elementor-element elementor-element-c873bb1 elementor-widget-divider--view-line elementor-widget elementor-widget-divider\" data-id=\"c873bb1\" data-element_type=\"widget\" data-widget_type=\"divider.default\">\n\t\t\t\t<div class=\"elementor-widget-container\">\n\t\t\t\t\t\t\t<div class=\"elementor-divider\">\n\t\t\t<span class=\"elementor-divider-separator\">\n\t\t\t\t\t\t<\/span>\n\t\t<\/div>\n\t\t\t\t\t\t<\/div>\n\t\t\t\t<\/div>\n\t\t\t\t<\/div>\n\t\t<div class=\"elementor-element elementor-element-a6770d4 e-con-full e-flex e-con e-child\" data-id=\"a6770d4\" data-element_type=\"container\">\n\t\t\t\t<div class=\"elementor-element-custom_font_family elementor-element-custom_font_weight elementor-element-custom_color elementor-element elementor-element-f5d904a elementor-widget elementor-widget-text-editor\" data-id=\"f5d904a\" data-element_type=\"widget\" data-widget_type=\"text-editor.default\">\n\t\t\t\t<div class=\"elementor-widget-container\">\n\t\t\t\t\t\t\t\t\t<p><b>EDUCACI\u00d3N<\/b><b><\/b><\/p><ul><li aria-level=\"1\"><span>Contador P\u00fablico, Universidad de la Rep\u00fablica (Uruguay), 2014.\u00a0<\/span><\/li><li aria-level=\"1\"><span>Posgrado \u2013 Especializaci\u00f3n en Tributaci\u00f3n Internacional, Universidad de Montevideo (Uruguay).<\/span><\/li><li aria-level=\"1\"><span>\u00a0<\/span><\/li><li aria-level=\"1\"><h4 style=\"padding-bottom: 1em; border: 0px; outline: 0px; font-size: 16px; vertical-align: baseline; background: none; line-height: 1.5em; color: #666666; font-family: 'Open Sans', Arial, sans-serif;\"><b style=\"margin: 0px; padding: 0px; border: 0px; outline: 0px; vertical-align: baseline; background: none;\">IDIOMAS<\/b><b style=\"margin: 0px; padding: 0px; border: 0px; outline: 0px; vertical-align: baseline; background: none;\"><\/b><\/h4><ul style=\"margin-top: 0px; padding-bottom: 23px; padding-left: 1em; border: 0px; outline: 0px; vertical-align: baseline; background: none; list-style: outside; line-height: 26px;\"><li style=\"padding-bottom: 0px; border: 0px; outline: 0px; vertical-align: baseline; background: none;\" aria-level=\"1\"><span style=\"margin: 0px; padding: 0px; border: 0px; outline: 0px; vertical-align: baseline; background: none;\">Espa\u00f1ol<\/span><\/li><li style=\"padding-bottom: 0px; border: 0px; outline: 0px; vertical-align: baseline; background: none;\" aria-level=\"1\"><span style=\"margin: 0px; padding: 0px; border: 0px; outline: 0px; vertical-align: baseline; background: none;\">Ingl\u00e9s (avanzado)<\/span><\/li><\/ul><\/li><\/ul>\t\t\t\t\t\t\t\t<\/div>\n\t\t\t\t<\/div>\n\t\t\t\t<div class=\"elementor-element elementor-element-a16b7c7 elementor-widget-divider--view-line elementor-widget elementor-widget-divider\" data-id=\"a16b7c7\" data-element_type=\"widget\" data-widget_type=\"divider.default\">\n\t\t\t\t<div class=\"elementor-widget-container\">\n\t\t\t\t\t\t\t<div class=\"elementor-divider\">\n\t\t\t<span class=\"elementor-divider-separator\">\n\t\t\t\t\t\t<\/span>\n\t\t<\/div>\n\t\t\t\t\t\t<\/div>\n\t\t\t\t<\/div>\n\t\t\t\t<div class=\"elementor-element-custom_font_family elementor-element-custom_font_weight elementor-element-custom_color elementor-element elementor-element-d1f6450 elementor-widget elementor-widget-text-editor\" data-id=\"d1f6450\" data-element_type=\"widget\" data-widget_type=\"text-editor.default\">\n\t\t\t\t<div class=\"elementor-widget-container\">\n\t\t\t\t\t\t\t\t\t<h4><b>\u00c1REAS DE PR\u00c1CTICA E INDUSTRIAS<\/b><b><\/b><\/h4><ul><li style=\"list-style-type: none;\"><ul><li style=\"font-family: Aptos, Aptos_EmbeddedFont, Aptos_MSFontService, Calibri, Helvetica, sans-serif; font-size: 12pt; color: black; direction: ltr;\">Asesoramiento tributario y planificaci\u00f3n fiscal<\/li><li style=\"font-family: Aptos, Aptos_EmbeddedFont, Aptos_MSFontService, Calibri, Helvetica, sans-serif; font-size: 12pt; color: black; direction: ltr;\"><div class=\"elementToProof\">Contabilidad y consultor\u00eda.<\/div><\/li><li style=\"font-family: Aptos, Aptos_EmbeddedFont, Aptos_MSFontService, Calibri, Helvetica, sans-serif; font-size: 12pt; color: black;\"><div class=\"elementToProof\">Tributaci\u00f3n internacional\u00a0y estructuraci\u00f3n patrimonial.<\/div><\/li><li style=\"font-family: Aptos, Aptos_EmbeddedFont, Aptos_MSFontService, Calibri, Helvetica, sans-serif; font-size: 12pt; color: black; direction: ltr;\"><div class=\"elementToProof\">Cumplimiento normativo.<\/div><\/li><\/ul><\/li><\/ul>\t\t\t\t\t\t\t\t<\/div>\n\t\t\t\t<\/div>\n\t\t\t\t<\/div>\n\t\t\t\t<\/div>\n\t\t<div class=\"elementor-element elementor-element-386332e e-flex e-con-boxed e-con e-parent\" data-id=\"386332e\" data-element_type=\"container\">\n\t\t\t\t\t<div class=\"e-con-inner\">\n\t\t\t\t\t<\/div>\n\t\t\t\t<\/div>\n\t\t\t\t<\/div>\n\t\t","protected":false},"excerpt":{"rendered":"<p>Mat\u00edas Lorenzo C O N T A D O R &#8211; P \u00da B L I C O | S O C I O MAIL mlorenzo@blancoetcheverry.com Experiencia &nbsp; Mat\u00edas cuenta con m\u00e1s de 15 a\u00f1os de trayectoria en asesoramiento contable y tributario, brindando consultor\u00eda a empresas nacionales e internacionales en planificaci\u00f3n fiscal, liquidaciones de impuestos [&hellip;]<\/p>\n","protected":false},"author":1,"featured_media":0,"parent":0,"menu_order":0,"comment_status":"closed","ping_status":"closed","template":"elementor_header_footer","meta":{"footnotes":""},"class_list":["post-2526","page","type-page","status-publish","hentry"],"_links":{"self":[{"href":"https:\/\/blancoetcheverry.com\/v2025\/index.php\/wp-json\/wp\/v2\/pages\/2526","targetHints":{"allow":["GET"]}}],"collection":[{"href":"https:\/\/blancoetcheverry.com\/v2025\/index.php\/wp-json\/wp\/v2\/pages"}],"about":[{"href":"https:\/\/blancoetcheverry.com\/v2025\/index.php\/wp-json\/wp\/v2\/types\/page"}],"author":[{"embeddable":true,"href":"https:\/\/blancoetcheverry.com\/v2025\/index.php\/wp-json\/wp\/v2\/users\/1"}],"replies":[{"embeddable":true,"href":"https:\/\/blancoetcheverry.com\/v2025\/index.php\/wp-json\/wp\/v2\/comments?post=2526"}],"version-history":[{"count":22,"href":"https:\/\/blancoetcheverry.com\/v2025\/index.php\/wp-json\/wp\/v2\/pages\/2526\/revisions"}],"predecessor-version":[{"id":3325,"href":"https:\/\/blancoetcheverry.com\/v2025\/index.php\/wp-json\/wp\/v2\/pages\/2526\/revisions\/3325"}],"wp:attachment":[{"href":"https:\/\/blancoetcheverry.com\/v2025\/index.php\/wp-json\/wp\/v2\/media?parent=2526"}],"curies":[{"name":"wp","href":"https:\/\/api.w.org\/{rel}","templated":true}]}}