{"id":2569,"date":"2025-03-05T15:16:53","date_gmt":"2025-03-05T15:16:53","guid":{"rendered":"https:\/\/blancoetcheverry.com\/v2025\/?page_id=2569"},"modified":"2025-09-11T13:22:24","modified_gmt":"2025-09-11T13:22:24","slug":"fernando-garcia","status":"publish","type":"page","link":"https:\/\/blancoetcheverry.com\/v2025\/index.php\/fernando-garcia\/","title":{"rendered":"Fernando Garcia Coll"},"content":{"rendered":"\t\t<div data-elementor-type=\"wp-page\" data-elementor-id=\"2569\" class=\"elementor elementor-2569\">\n\t\t\t\t<div class=\"elementor-element elementor-element-a3cbdc5 e-con-full e-flex e-con e-parent\" data-id=\"a3cbdc5\" data-element_type=\"container\">\n\t\t<div class=\"elementor-element elementor-element-0429373 e-con-full e-flex e-con e-child\" data-id=\"0429373\" data-element_type=\"container\">\n\t\t\t\t<div class=\"elementor-element elementor-element-8a105e7 elementor-widget__width-initial grid_gap-0 elementor-widget elementor-widget-gt3-core-team\" data-id=\"8a105e7\" data-element_type=\"widget\" data-widget_type=\"gt3-core-team.default\">\n\t\t\t\t<div class=\"elementor-widget-container\">\n\t\t\t\t\t\t<div class=\"module_team type2\" data-post-index=\"1\">\r\n\t\t<div class=\"shortcode_team \">\r\n\t\t\t<div class=\"items1\">\r\n\t\t\t\t\t\t\t\t<ul class=\"item_list \">\r\n\t\t\t\t\t<li class=\"item-team-member abogados\"><div class=\"item_wrapper\"><div class=\"item\"><div class=\"team_img featured_img\"><img decoding=\"async\"  srcset=\"https:\/\/blancoetcheverry.com\/v2025\/wp-content\/uploads\/2019\/09\/Fernando-Garcia-e1747250759105-1920x1920.jpg 1920w, https:\/\/blancoetcheverry.com\/v2025\/wp-content\/uploads\/2019\/09\/Fernando-Garcia-e1747250759105-1600x1600.jpg 1600w, https:\/\/blancoetcheverry.com\/v2025\/wp-content\/uploads\/2019\/09\/Fernando-Garcia-e1747250759105-1200x1200.jpg 1200w, https:\/\/blancoetcheverry.com\/v2025\/wp-content\/uploads\/2019\/09\/Fernando-Garcia-e1747250759105-992x992.jpg 992w, https:\/\/blancoetcheverry.com\/v2025\/wp-content\/uploads\/2019\/09\/Fernando-Garcia-e1747250759105-768x768.jpg 768w, https:\/\/blancoetcheverry.com\/v2025\/wp-content\/uploads\/2019\/09\/Fernando-Garcia-e1747250759105-600x600.jpg 600w,https:\/\/blancoetcheverry.com\/v2025\/wp-content\/uploads\/2019\/09\/Fernando-Garcia-e1747250759105-420x420.jpg 420w\" src=\"https:\/\/blancoetcheverry.com\/v2025\/wp-content\/uploads\/2019\/09\/Fernando-Garcia-e1747250759105-1600x1600.jpg\" sizes=\"(min-width: 1600px) 1920px, (min-width: 1200px) 1600px, (min-width: 992px) 1200px, (min-width: 768px) 992px, (min-width: 600px) 768px, (min-width: 420px) 600px, (max-width: 600px) 420px\" title=\"Fernando-Garcia\"  alt=\"Fernando-Garcia\" \/><\/div><div class=\"team_icons_wrapper\"><div class=\"member-icons\"><div class=\"team-icons\"><a href=\"#\" class=\"member-icon fa fa-linkedin\" ><span><\/span><\/a><\/div><\/div><\/div><div class=\"team-infobox\"><div class=\"team_title\"><div class=\"team_title_wrapper\"><h3 class=\"team_title__text\">Fernando Garc\u00eda Coll<\/h3><div class=\"team-positions\">A B O G A D O - S O C I O<\/div><\/div><\/div><div class=\"gt3_single_team_info\"><div class=\"gt3_single_team_info__item\"><h4>MAIL<\/h4><a href=\"http:\/\/fgarcia@blancoetcheverry.com\" target=\"_blank\"><span>fgarcia@blancoetcheverry.com<\/span><\/a><\/div><\/div><\/div><\/div><\/div><\/li>\t\t\t\t<\/ul>\r\n\t\t\t\t<div class=\"clear\"><\/div>\r\n\t\t\t<\/div>\r\n\t\t<\/div>\r\n\t\t\t<\/div>\r\n<script type=\"application\/json\" id=\"settings--8a105e7\">{\"type\":\"type2\",\"pagination_en\":false,\"posts_per_line\":1,\"grid_gap\":\"0\",\"query\":{\"post_status\":[\"publish\"],\"post_type\":\"team\",\"posts_per_page\":\"1\",\"post__in\":[\"930\"],\"paged\":1},\"link_post\":\"\",\"custom_item_height\":\"\",\"show_social\":\"yes\",\"show_position\":\"yes\",\"show_title\":\"yes\",\"show_description\":\"yes\"}<\/script>\t\t\t\t<\/div>\n\t\t\t\t<\/div>\n\t\t\t\t<\/div>\n\t\t\t\t<div class=\"elementor-element elementor-element-255dc21 elementor-widget elementor-widget-spacer\" data-id=\"255dc21\" data-element_type=\"widget\" data-widget_type=\"spacer.default\">\n\t\t\t\t<div class=\"elementor-widget-container\">\n\t\t\t\t\t\t\t<div class=\"elementor-spacer\">\n\t\t\t<div class=\"elementor-spacer-inner\"><\/div>\n\t\t<\/div>\n\t\t\t\t\t\t<\/div>\n\t\t\t\t<\/div>\n\t\t<div class=\"elementor-element elementor-element-32b3dbf e-con-full e-flex e-con e-child\" data-id=\"32b3dbf\" data-element_type=\"container\">\n\t\t\t\t<div class=\"elementor-element-custom_font_family elementor-element-custom_font_weight elementor-element-custom_color elementor-element elementor-element-71b9011 elementor-widget__width-initial elementor-widget elementor-widget-text-editor\" data-id=\"71b9011\" data-element_type=\"widget\" data-widget_type=\"text-editor.default\">\n\t\t\t\t<div class=\"elementor-widget-container\">\n\t\t\t\t\t\t\t\t\t<div class=\"elementor-element elementor-element-2432dae elementor-widget elementor-widget-heading\" data-id=\"2432dae\" data-element_type=\"widget\" data-widget_type=\"heading.default\"><div class=\"elementor-widget-container\"><h3 class=\"elementor-heading-title elementor-size-default\"><strong>Experiencia<\/strong><\/h3><div>\u00a0<\/div><\/div><\/div><div class=\"elementor-element-custom_font_family elementor-element-custom_font_weight elementor-element-custom_color elementor-element elementor-element-b72c953 elementor-widget elementor-widget-text-editor\" data-id=\"b72c953\" data-element_type=\"widget\" data-widget_type=\"text-editor.default\"><div class=\"elementor-widget-container\">\u00a0<\/div><\/div><div class=\"elementor-element-custom_font_family elementor-element-custom_font_weight elementor-element-custom_color elementor-element elementor-element-47d0a44 elementor-widget elementor-widget-text-editor\" data-id=\"47d0a44\" data-element_type=\"widget\" data-widget_type=\"text-editor.default\"><div class=\"elementor-widget-container\"><p><span>Fernando es el responsable del Departamento Laboral y de Seguridad Social del estudio y corresponsable del Departamento de Litigios. <\/span><\/p><p><span>Cuenta con m\u00e1s de 20 a\u00f1os de experiencia en litigios, en la soluci\u00f3n de conflictos individuales y colectivos de trabajo, as\u00ed como en la redacci\u00f3n y firma de convenios colectivos (siendo algunos de ellos pioneros en la materia a nivel nacional), convenios individuales y contratos laborales. <\/span><span><\/span><\/p><p><span>Actualmente se encuentra asesorando a varias empresas con diferentes proyectos agroindustriales, empresas relacionadas con el sector de la construcci\u00f3n, empresas de Software, de telecomunicaciones, log\u00edstica y organizaciones empresariales.<\/span><\/p><p><span>Tiene m\u00e1s de 15 a\u00f1os de experiencia realizando Due Diligence para la compra de diferentes empresas o fusiones de empresas, para proyectos de infraestructura y ayudando a clientes a desarrollar proyectos log\u00edsticos. <\/span><\/p><p><span>En particular, ha participado en la construcci\u00f3n y operaci\u00f3n de instalaciones portuarias ubicadas en Zona Franca.<\/span><\/p><\/div><\/div>\t\t\t\t\t\t\t\t<\/div>\n\t\t\t\t<\/div>\n\t\t\t\t<div class=\"elementor-element elementor-element-7c48400 elementor-widget-divider--view-line elementor-widget elementor-widget-divider\" data-id=\"7c48400\" data-element_type=\"widget\" data-widget_type=\"divider.default\">\n\t\t\t\t<div class=\"elementor-widget-container\">\n\t\t\t\t\t\t\t<div class=\"elementor-divider\">\n\t\t\t<span class=\"elementor-divider-separator\">\n\t\t\t\t\t\t<\/span>\n\t\t<\/div>\n\t\t\t\t\t\t<\/div>\n\t\t\t\t<\/div>\n\t\t\t\t<div class=\"elementor-element-custom_font_family elementor-element-custom_font_weight elementor-element-custom_color elementor-element elementor-element-03f62a8 elementor-widget elementor-widget-text-editor\" data-id=\"03f62a8\" data-element_type=\"widget\" data-widget_type=\"text-editor.default\">\n\t\t\t\t<div class=\"elementor-widget-container\">\n\t\t\t\t\t\t\t\t\t<h4><b>\u00c1REAS DE PR\u00c1CTICA E INDUSTRIAS<\/b><\/h4><ul><li style=\"padding-bottom: 0px; border: 0px; outline: 0px; font-size: 16px; vertical-align: baseline; background: none;\" aria-level=\"1\"><span style=\"margin: 0px; padding: 0px; border: 0px; outline: 0px; vertical-align: baseline; background: none;\">Laboral<br \/><\/span><\/li><li aria-level=\"1\">Sindical &#8211; Convenios Colectivos<\/li><li aria-level=\"1\">Seguridad Social<\/li><li style=\"border: 0px; outline: 0px; font-size: 16px; vertical-align: baseline; background: none;\" aria-level=\"1\"><span style=\"margin: 0px; padding: 0px; border: 0px; outline: 0px; vertical-align: baseline; background: none;\">Contencioso<\/span><\/li><\/ul>\t\t\t\t\t\t\t\t<\/div>\n\t\t\t\t<\/div>\n\t\t\t\t<\/div>\n\t\t<div class=\"elementor-element elementor-element-d833a75 e-con-full e-flex e-con e-child\" data-id=\"d833a75\" data-element_type=\"container\">\n\t\t\t\t<div class=\"elementor-element-custom_font_family elementor-element-custom_font_weight elementor-element-custom_color elementor-element elementor-element-9ee9f08 elementor-widget elementor-widget-text-editor\" data-id=\"9ee9f08\" data-element_type=\"widget\" data-widget_type=\"text-editor.default\">\n\t\t\t\t<div class=\"elementor-widget-container\">\n\t\t\t\t\t\t\t\t\t<ul><li><b>REFERENCIAS Y RECONOCIMIENTOS<\/b><b><\/b><\/li><li aria-level=\"1\"><span>Asesor de la C\u00e1mara de Ascensores del Uruguay \u2013 2018-2019 <\/span><\/li><li aria-level=\"1\"><span>Asesor de la Asociaci\u00f3n Oliv\u00edcola del Uruguay<\/span><\/li><li aria-level=\"1\"><span>La publicaci\u00f3n internacional Chambers &amp; Partners reconoce a Fernando Garc\u00eda en su edici\u00f3n Am\u00e9rica Latina como abogado l\u00edder en Laboral, donde se lo describe como un profesional de \u00abgran habilidad para manejar conflictos laborales sensibles, evitando que las situaciones se transformen en a\u00fan m\u00e1s complejas y complicadas\u00bb.<\/span><\/li><\/ul>\t\t\t\t\t\t\t\t<\/div>\n\t\t\t\t<\/div>\n\t\t\t\t<div class=\"elementor-element elementor-element-92ea950 elementor-widget-divider--view-line elementor-widget elementor-widget-divider\" data-id=\"92ea950\" data-element_type=\"widget\" data-widget_type=\"divider.default\">\n\t\t\t\t<div class=\"elementor-widget-container\">\n\t\t\t\t\t\t\t<div class=\"elementor-divider\">\n\t\t\t<span class=\"elementor-divider-separator\">\n\t\t\t\t\t\t<\/span>\n\t\t<\/div>\n\t\t\t\t\t\t<\/div>\n\t\t\t\t<\/div>\n\t\t\t\t<div class=\"elementor-element-custom_font_family elementor-element-custom_font_weight elementor-element-custom_color elementor-element elementor-element-336e4ae elementor-widget__width-initial elementor-widget elementor-widget-text-editor\" data-id=\"336e4ae\" data-element_type=\"widget\" data-widget_type=\"text-editor.default\">\n\t\t\t\t<div class=\"elementor-widget-container\">\n\t\t\t\t\t\t\t\t\t<p><b>EDUCACI\u00d3N<\/b><b><\/b><\/p><ul><li aria-level=\"1\"><span>Doctor en Derecho y Ciencias Sociales, Universidad de la Rep\u00fablica (Uruguay).\u00a0<\/span><\/li><li aria-level=\"1\"><span>Maestr\u00eda (LLM) en Derecho Empresarial,<br \/><\/span>Especialista en Comercio Exterior, Universidad Cat\u00f3lica del Uruguay, 1993<\/li><li aria-level=\"1\"><span>Maestreando en el Post Grado en Derecho del Trabajo y de la Seguridad Social<br \/><\/span><br \/><p style=\"margin-bottom: 0px; padding-bottom: 1em; border: 0px; outline: 0px; font-size: 16px; vertical-align: baseline; background: none; line-height: 1.5em; caret-color: #666666; color: #666666; font-family: 'Open Sans', Arial, sans-serif;\"><b style=\"margin: 0px; padding: 0px; border: 0px; outline: 0px; vertical-align: baseline; background: none;\">MEMBRES\u00cdAS<\/b><b style=\"margin: 0px; padding: 0px; border: 0px; outline: 0px; vertical-align: baseline; background: none;\"><\/b><\/p><p><span>X Jornadas de Derecho Procesal \u201cCargas Procesales y posibilidad de coacci\u00f3n sobre personas en el C.G.P\u201d. <br \/><\/span><span>Las Potestades del Ministerio de Turismo \u00bfFacultades Jurisdiccionales en Sede Administrativa? \u2013 Libro Derecho del Turismo.<\/span><\/p><p><b style=\"margin: 0px; padding: 0px; border: 0px; outline: 0px; vertical-align: baseline; background: none;\">IDIOMAS<\/b><\/p><ul style=\"margin-top: 0px; padding-bottom: 23px; padding-left: 1em; border: 0px; outline: 0px; font-size: 16px; vertical-align: baseline; background: none; list-style: outside; line-height: 26px; caret-color: #666666; color: #666666; font-family: 'Open Sans', Arial, sans-serif;\"><li style=\"padding-bottom: 0px; border: 0px; outline: 0px; vertical-align: baseline; background: none;\" aria-level=\"1\"><ul style=\"margin-top: 0px; padding-bottom: 23px; padding-left: 1em; border: 0px; outline: 0px; vertical-align: baseline; background: none; list-style: outside; line-height: 26px;\"><li style=\"padding-bottom: 0px; border: 0px; outline: 0px; vertical-align: baseline; background: none;\" aria-level=\"1\"><span style=\"margin: 0px; padding: 0px; border: 0px; outline: 0px; vertical-align: baseline; background: none;\">Espa\u00f1ol<\/span><\/li><li style=\"padding-bottom: 0px; border: 0px; outline: 0px; vertical-align: baseline; background: none;\" aria-level=\"1\"><span style=\"margin: 0px; padding: 0px; border: 0px; outline: 0px; vertical-align: baseline; background: none;\">Ingl\u00e9s<\/span><\/li><li style=\"border: 0px; outline: 0px; vertical-align: baseline; background: none;\" aria-level=\"1\">\u00a0<\/li><\/ul><\/li><\/ul><\/li><\/ul>\t\t\t\t\t\t\t\t<\/div>\n\t\t\t\t<\/div>\n\t\t\t\t<\/div>\n\t\t\t\t<\/div>\n\t\t\t\t<\/div>\n\t\t","protected":false},"excerpt":{"rendered":"<p>Fernando Garc\u00eda Coll A B O G A D O &#8211; S O C I O MAIL fgarcia@blancoetcheverry.com Experiencia \u00a0\u00a0 Fernando es el responsable del Departamento Laboral y de Seguridad Social del estudio y corresponsable del Departamento de Litigios. Cuenta con m\u00e1s de 20 a\u00f1os de experiencia en litigios, en la soluci\u00f3n de conflictos individuales [&hellip;]<\/p>\n","protected":false},"author":1,"featured_media":0,"parent":0,"menu_order":0,"comment_status":"closed","ping_status":"closed","template":"elementor_header_footer","meta":{"footnotes":""},"class_list":["post-2569","page","type-page","status-publish","hentry"],"_links":{"self":[{"href":"https:\/\/blancoetcheverry.com\/v2025\/index.php\/wp-json\/wp\/v2\/pages\/2569","targetHints":{"allow":["GET"]}}],"collection":[{"href":"https:\/\/blancoetcheverry.com\/v2025\/index.php\/wp-json\/wp\/v2\/pages"}],"about":[{"href":"https:\/\/blancoetcheverry.com\/v2025\/index.php\/wp-json\/wp\/v2\/types\/page"}],"author":[{"embeddable":true,"href":"https:\/\/blancoetcheverry.com\/v2025\/index.php\/wp-json\/wp\/v2\/users\/1"}],"replies":[{"embeddable":true,"href":"https:\/\/blancoetcheverry.com\/v2025\/index.php\/wp-json\/wp\/v2\/comments?post=2569"}],"version-history":[{"count":32,"href":"https:\/\/blancoetcheverry.com\/v2025\/index.php\/wp-json\/wp\/v2\/pages\/2569\/revisions"}],"predecessor-version":[{"id":3381,"href":"https:\/\/blancoetcheverry.com\/v2025\/index.php\/wp-json\/wp\/v2\/pages\/2569\/revisions\/3381"}],"wp:attachment":[{"href":"https:\/\/blancoetcheverry.com\/v2025\/index.php\/wp-json\/wp\/v2\/media?parent=2569"}],"curies":[{"name":"wp","href":"https:\/\/api.w.org\/{rel}","templated":true}]}}