{"id":2580,"date":"2025-03-05T15:24:14","date_gmt":"2025-03-05T15:24:14","guid":{"rendered":"https:\/\/blancoetcheverry.com\/v2025\/?page_id=2580"},"modified":"2025-08-27T18:34:21","modified_gmt":"2025-08-27T18:34:21","slug":"macarena-abella","status":"publish","type":"page","link":"https:\/\/blancoetcheverry.com\/v2025\/index.php\/macarena-abella\/","title":{"rendered":"Macarena Abella"},"content":{"rendered":"\t\t<div data-elementor-type=\"wp-page\" data-elementor-id=\"2580\" class=\"elementor elementor-2580\">\n\t\t\t\t<div class=\"elementor-element elementor-element-1d285fc e-con-full e-flex e-con e-parent\" data-id=\"1d285fc\" data-element_type=\"container\">\n\t\t<div class=\"elementor-element elementor-element-6a78dbe e-con-full e-flex e-con e-child\" data-id=\"6a78dbe\" data-element_type=\"container\">\n\t\t\t\t<div class=\"elementor-element elementor-element-7e85377 elementor-widget__width-initial grid_gap-0 elementor-widget elementor-widget-gt3-core-team\" data-id=\"7e85377\" data-element_type=\"widget\" data-widget_type=\"gt3-core-team.default\">\n\t\t\t\t<div class=\"elementor-widget-container\">\n\t\t\t\t\t\t<div class=\"module_team type2\" data-post-index=\"1\">\r\n\t\t<div class=\"shortcode_team \">\r\n\t\t\t<div class=\"items1\">\r\n\t\t\t\t\t\t\t\t<ul class=\"item_list \">\r\n\t\t\t\t\t<li class=\"item-team-member abogados\"><div class=\"item_wrapper\"><div class=\"item\"><div class=\"team_img featured_img\"><img decoding=\"async\"  srcset=\"https:\/\/blancoetcheverry.com\/v2025\/wp-content\/uploads\/2025\/02\/Macarena-Abella-e1747251036396-1920x1920.jpg 1920w, https:\/\/blancoetcheverry.com\/v2025\/wp-content\/uploads\/2025\/02\/Macarena-Abella-e1747251036396-1600x1600.jpg 1600w, https:\/\/blancoetcheverry.com\/v2025\/wp-content\/uploads\/2025\/02\/Macarena-Abella-e1747251036396-1200x1200.jpg 1200w, https:\/\/blancoetcheverry.com\/v2025\/wp-content\/uploads\/2025\/02\/Macarena-Abella-e1747251036396-992x992.jpg 992w, https:\/\/blancoetcheverry.com\/v2025\/wp-content\/uploads\/2025\/02\/Macarena-Abella-e1747251036396-768x768.jpg 768w, https:\/\/blancoetcheverry.com\/v2025\/wp-content\/uploads\/2025\/02\/Macarena-Abella-e1747251036396-600x600.jpg 600w,https:\/\/blancoetcheverry.com\/v2025\/wp-content\/uploads\/2025\/02\/Macarena-Abella-e1747251036396-420x420.jpg 420w\" src=\"https:\/\/blancoetcheverry.com\/v2025\/wp-content\/uploads\/2025\/02\/Macarena-Abella-e1747251036396-1600x1600.jpg\" sizes=\"(min-width: 1600px) 1920px, (min-width: 1200px) 1600px, (min-width: 992px) 1200px, (min-width: 768px) 992px, (min-width: 600px) 768px, (min-width: 420px) 600px, (max-width: 600px) 420px\" title=\"Macarena-Abella\"  alt=\"Macarena-Abella\" \/><\/div><div class=\"team_icons_wrapper\"><div class=\"member-icons\"><div class=\"team-icons\"><a href=\"#\" class=\"member-icon fa fa-linkedin\" ><span><\/span><\/a><\/div><\/div><\/div><div class=\"team-infobox\"><div class=\"team_title\"><div class=\"team_title_wrapper\"><h3 class=\"team_title__text\">Macarena Abella<\/h3><div class=\"team-positions\">A B O G A D A<\/div><\/div><\/div><div class=\"gt3_single_team_info\"><div class=\"gt3_single_team_info__item\"><h4>MAIL<\/h4><a href=\"http:\/\/mabella@blancoetcheverry.com\" target=\"_blank\"><span>mabella@blancoetcheverry.com<\/span><\/a><\/div><\/div><\/div><\/div><\/div><\/li>\t\t\t\t<\/ul>\r\n\t\t\t\t<div class=\"clear\"><\/div>\r\n\t\t\t<\/div>\r\n\t\t<\/div>\r\n\t\t\t<\/div>\r\n<script type=\"application\/json\" id=\"settings--7e85377\">{\"type\":\"type2\",\"pagination_en\":false,\"posts_per_line\":1,\"grid_gap\":\"0\",\"query\":{\"post_status\":[\"publish\"],\"post_type\":\"team\",\"posts_per_page\":\"1\",\"post__in\":[\"2295\"],\"paged\":1},\"link_post\":\"\",\"custom_item_height\":\"\",\"show_social\":\"yes\",\"show_position\":\"yes\",\"show_title\":\"yes\",\"show_description\":\"yes\"}<\/script>\t\t\t\t<\/div>\n\t\t\t\t<\/div>\n\t\t\t\t<\/div>\n\t\t\t\t<div class=\"elementor-element elementor-element-c433cb0 elementor-widget elementor-widget-spacer\" data-id=\"c433cb0\" data-element_type=\"widget\" data-widget_type=\"spacer.default\">\n\t\t\t\t<div class=\"elementor-widget-container\">\n\t\t\t\t\t\t\t<div class=\"elementor-spacer\">\n\t\t\t<div class=\"elementor-spacer-inner\"><\/div>\n\t\t<\/div>\n\t\t\t\t\t\t<\/div>\n\t\t\t\t<\/div>\n\t\t<div class=\"elementor-element elementor-element-7fc74ef e-con-full e-flex e-con e-child\" data-id=\"7fc74ef\" data-element_type=\"container\">\n\t\t\t\t<div class=\"elementor-element-custom_font_family elementor-element-custom_font_weight elementor-element-custom_color elementor-element elementor-element-0f75723 elementor-widget__width-initial elementor-widget elementor-widget-text-editor\" data-id=\"0f75723\" data-element_type=\"widget\" data-widget_type=\"text-editor.default\">\n\t\t\t\t<div class=\"elementor-widget-container\">\n\t\t\t\t\t\t\t\t\t<div class=\"elementor-element elementor-element-2432dae elementor-widget elementor-widget-heading\" data-id=\"2432dae\" data-element_type=\"widget\" data-widget_type=\"heading.default\"><div class=\"elementor-widget-container\"><h3 class=\"elementor-heading-title elementor-size-default\"><strong>Experiencia:<br \/><br \/><\/strong><\/h3><p><span>Macarena tiene cuatro a\u00f1os de experiencia en procesos de debida diligencia y brindando asesor\u00eda corporativa a clientes nacionales e internacionales en diversos sectores, incluidos agronegocios, construcci\u00f3n, tecnolog\u00eda y servicios financieros. El papel de Macarena ha abarcado iniciativas multifac\u00e9ticas de diligencia debida, que incluye el dominio del an\u00e1lisis corporativo, el cumplimiento normativo, los contratos y la evaluaci\u00f3n de la protecci\u00f3n de datos, entre otras \u00e1reas cr\u00edticas.<\/span><\/p><\/div><\/div>\t\t\t\t\t\t\t\t<\/div>\n\t\t\t\t<\/div>\n\t\t\t\t<div class=\"elementor-element elementor-element-50d636d elementor-widget-divider--view-line elementor-widget elementor-widget-divider\" data-id=\"50d636d\" data-element_type=\"widget\" data-widget_type=\"divider.default\">\n\t\t\t\t<div class=\"elementor-widget-container\">\n\t\t\t\t\t\t\t<div class=\"elementor-divider\">\n\t\t\t<span class=\"elementor-divider-separator\">\n\t\t\t\t\t\t<\/span>\n\t\t<\/div>\n\t\t\t\t\t\t<\/div>\n\t\t\t\t<\/div>\n\t\t\t\t<div class=\"elementor-element-custom_font_family elementor-element-custom_font_weight elementor-element-custom_color elementor-element elementor-element-81692de elementor-widget elementor-widget-text-editor\" data-id=\"81692de\" data-element_type=\"widget\" data-widget_type=\"text-editor.default\">\n\t\t\t\t<div class=\"elementor-widget-container\">\n\t\t\t\t\t\t\t\t\t<h4><b>\u00c1REAS DE PR\u00c1CTICA E INDUSTRIAS:<\/b><b><\/b><\/h4><ul><li aria-level=\"1\"><span>Corporativo (Seguridad y Salud)<\/span><\/li><li aria-level=\"1\"><span>Societario<\/span><\/li><li aria-level=\"1\"><span>Civil<\/span><\/li><li aria-level=\"1\"><span>Due Diligence<\/span><\/li><li aria-level=\"1\"><span>M&amp;A<\/span><\/li><\/ul>\t\t\t\t\t\t\t\t<\/div>\n\t\t\t\t<\/div>\n\t\t\t\t<div class=\"elementor-element elementor-element-0a4f875 elementor-widget-divider--view-line elementor-widget elementor-widget-divider\" data-id=\"0a4f875\" data-element_type=\"widget\" data-widget_type=\"divider.default\">\n\t\t\t\t<div class=\"elementor-widget-container\">\n\t\t\t\t\t\t\t<div class=\"elementor-divider\">\n\t\t\t<span class=\"elementor-divider-separator\">\n\t\t\t\t\t\t<\/span>\n\t\t<\/div>\n\t\t\t\t\t\t<\/div>\n\t\t\t\t<\/div>\n\t\t\t\t<\/div>\n\t\t<div class=\"elementor-element elementor-element-83295a1 e-con-full e-flex e-con e-child\" data-id=\"83295a1\" data-element_type=\"container\">\n\t\t\t\t<div class=\"elementor-element-custom_font_family elementor-element-custom_font_weight elementor-element-custom_color elementor-element elementor-element-8d629a7 elementor-widget elementor-widget-text-editor\" data-id=\"8d629a7\" data-element_type=\"widget\" data-widget_type=\"text-editor.default\">\n\t\t\t\t<div class=\"elementor-widget-container\">\n\t\t\t\t\t\t\t\t\t<p><b>EDUCACI\u00d3N:<br \/><\/b><b><\/b><span>Abogada, Universidad de la Rep\u00fablica (Uruguay), 2021.\u00a0<br \/><\/span><span><\/span><span><span><span><\/span><\/span><\/span><span>Postgrado en Asesoramiento Corporativo, Universidad de Montevideo (Uruguay), 2023.<\/span><\/p><p>\u00a0<\/p><p><b>IDIOMAS<\/b><\/p><ul><li aria-level=\"1\"><span>Espa\u00f1ol<\/span><\/li><li aria-level=\"1\"><span>Ingl\u00e9s<\/span><\/li><\/ul><p><span>\u00a0<\/span><\/p>\t\t\t\t\t\t\t\t<\/div>\n\t\t\t\t<\/div>\n\t\t\t\t<\/div>\n\t\t\t\t<\/div>\n\t\t<div class=\"elementor-element elementor-element-2153bca e-flex e-con-boxed e-con e-parent\" data-id=\"2153bca\" data-element_type=\"container\">\n\t\t\t\t\t<div class=\"e-con-inner\">\n\t\t\t\t\t<\/div>\n\t\t\t\t<\/div>\n\t\t<div class=\"elementor-element elementor-element-0ef0dc7 e-flex e-con-boxed e-con e-parent\" data-id=\"0ef0dc7\" data-element_type=\"container\">\n\t\t\t\t\t<div class=\"e-con-inner\">\n\t\t\t\t\t<\/div>\n\t\t\t\t<\/div>\n\t\t\t\t<\/div>\n\t\t","protected":false},"excerpt":{"rendered":"<p>Macarena Abella A B O G A D A MAIL mabella@blancoetcheverry.com Experiencia: Macarena tiene cuatro a\u00f1os de experiencia en procesos de debida diligencia y brindando asesor\u00eda corporativa a clientes nacionales e internacionales en diversos sectores, incluidos agronegocios, construcci\u00f3n, tecnolog\u00eda y servicios financieros. El papel de Macarena ha abarcado iniciativas multifac\u00e9ticas de diligencia debida, que incluye [&hellip;]<\/p>\n","protected":false},"author":1,"featured_media":0,"parent":0,"menu_order":0,"comment_status":"closed","ping_status":"closed","template":"elementor_header_footer","meta":{"footnotes":""},"class_list":["post-2580","page","type-page","status-publish","hentry"],"_links":{"self":[{"href":"https:\/\/blancoetcheverry.com\/v2025\/index.php\/wp-json\/wp\/v2\/pages\/2580","targetHints":{"allow":["GET"]}}],"collection":[{"href":"https:\/\/blancoetcheverry.com\/v2025\/index.php\/wp-json\/wp\/v2\/pages"}],"about":[{"href":"https:\/\/blancoetcheverry.com\/v2025\/index.php\/wp-json\/wp\/v2\/types\/page"}],"author":[{"embeddable":true,"href":"https:\/\/blancoetcheverry.com\/v2025\/index.php\/wp-json\/wp\/v2\/users\/1"}],"replies":[{"embeddable":true,"href":"https:\/\/blancoetcheverry.com\/v2025\/index.php\/wp-json\/wp\/v2\/comments?post=2580"}],"version-history":[{"count":16,"href":"https:\/\/blancoetcheverry.com\/v2025\/index.php\/wp-json\/wp\/v2\/pages\/2580\/revisions"}],"predecessor-version":[{"id":3298,"href":"https:\/\/blancoetcheverry.com\/v2025\/index.php\/wp-json\/wp\/v2\/pages\/2580\/revisions\/3298"}],"wp:attachment":[{"href":"https:\/\/blancoetcheverry.com\/v2025\/index.php\/wp-json\/wp\/v2\/media?parent=2580"}],"curies":[{"name":"wp","href":"https:\/\/api.w.org\/{rel}","templated":true}]}}