{"id":2590,"date":"2025-03-05T15:29:02","date_gmt":"2025-03-05T15:29:02","guid":{"rendered":"https:\/\/blancoetcheverry.com\/v2025\/?page_id=2590"},"modified":"2025-08-27T18:40:06","modified_gmt":"2025-08-27T18:40:06","slug":"nina-di-marco","status":"publish","type":"page","link":"https:\/\/blancoetcheverry.com\/v2025\/index.php\/nina-di-marco\/","title":{"rendered":"Nina Di Marco"},"content":{"rendered":"\t\t<div data-elementor-type=\"wp-page\" data-elementor-id=\"2590\" class=\"elementor elementor-2590\">\n\t\t\t\t<div class=\"elementor-element elementor-element-66ed578 e-con-full e-flex e-con e-parent\" data-id=\"66ed578\" data-element_type=\"container\">\n\t\t<div class=\"elementor-element elementor-element-09e25e7 e-con-full e-flex e-con e-child\" data-id=\"09e25e7\" data-element_type=\"container\">\n\t\t\t\t<div class=\"elementor-element elementor-element-a6c0fcc elementor-widget__width-initial grid_gap-0 elementor-widget elementor-widget-gt3-core-team\" data-id=\"a6c0fcc\" data-element_type=\"widget\" data-widget_type=\"gt3-core-team.default\">\n\t\t\t\t<div class=\"elementor-widget-container\">\n\t\t\t\t\t\t<div class=\"module_team type2\" data-post-index=\"1\">\r\n\t\t<div class=\"shortcode_team \">\r\n\t\t\t<div class=\"items1\">\r\n\t\t\t\t\t\t\t\t<ul class=\"item_list \">\r\n\t\t\t\t\t<li class=\"item-team-member abogados\"><div class=\"item_wrapper\"><div class=\"item\"><div class=\"team_img featured_img\"><img decoding=\"async\"  srcset=\"https:\/\/blancoetcheverry.com\/v2025\/wp-content\/uploads\/2025\/02\/Nina-Di-Marco-e1747250838480-1920x1920.jpg 1920w, https:\/\/blancoetcheverry.com\/v2025\/wp-content\/uploads\/2025\/02\/Nina-Di-Marco-e1747250838480-1600x1600.jpg 1600w, https:\/\/blancoetcheverry.com\/v2025\/wp-content\/uploads\/2025\/02\/Nina-Di-Marco-e1747250838480-1200x1200.jpg 1200w, https:\/\/blancoetcheverry.com\/v2025\/wp-content\/uploads\/2025\/02\/Nina-Di-Marco-e1747250838480-992x992.jpg 992w, https:\/\/blancoetcheverry.com\/v2025\/wp-content\/uploads\/2025\/02\/Nina-Di-Marco-e1747250838480-768x768.jpg 768w, https:\/\/blancoetcheverry.com\/v2025\/wp-content\/uploads\/2025\/02\/Nina-Di-Marco-e1747250838480-600x600.jpg 600w,https:\/\/blancoetcheverry.com\/v2025\/wp-content\/uploads\/2025\/02\/Nina-Di-Marco-e1747250838480-420x420.jpg 420w\" src=\"https:\/\/blancoetcheverry.com\/v2025\/wp-content\/uploads\/2025\/02\/Nina-Di-Marco-e1747250838480-1600x1600.jpg\" sizes=\"(min-width: 1600px) 1920px, (min-width: 1200px) 1600px, (min-width: 992px) 1200px, (min-width: 768px) 992px, (min-width: 600px) 768px, (min-width: 420px) 600px, (max-width: 600px) 420px\" title=\"Nina-Di-Marco\"  alt=\"Nina-Di-Marco\" \/><\/div><div class=\"team_icons_wrapper\"><div class=\"member-icons\"><div class=\"team-icons\"><a href=\"#\" class=\"member-icon fa fa-linkedin\" ><span><\/span><\/a><\/div><\/div><\/div><div class=\"team-infobox\"><div class=\"team_title\"><div class=\"team_title_wrapper\"><h3 class=\"team_title__text\">Nina Di Marco<\/h3><div class=\"team-positions\">A B O G A D A<\/div><\/div><\/div><div class=\"gt3_single_team_info\"><div class=\"gt3_single_team_info__item\"><h4>MAIL<\/h4><a href=\"http:\/\/ndimarco@blancoetcheverry.com\" target=\"_blank\"><span>ndimarco@blancoetcheverry.com<\/span><\/a><\/div><\/div><\/div><\/div><\/div><\/li>\t\t\t\t<\/ul>\r\n\t\t\t\t<div class=\"clear\"><\/div>\r\n\t\t\t<\/div>\r\n\t\t<\/div>\r\n\t\t\t<\/div>\r\n<script type=\"application\/json\" id=\"settings--a6c0fcc\">{\"type\":\"type2\",\"pagination_en\":false,\"posts_per_line\":1,\"grid_gap\":\"0\",\"query\":{\"post_status\":[\"publish\"],\"post_type\":\"team\",\"posts_per_page\":\"1\",\"post__in\":[\"2125\"],\"paged\":1},\"link_post\":\"\",\"custom_item_height\":\"\",\"show_social\":\"yes\",\"show_position\":\"yes\",\"show_title\":\"yes\",\"show_description\":\"yes\"}<\/script>\t\t\t\t<\/div>\n\t\t\t\t<\/div>\n\t\t\t\t<\/div>\n\t\t\t\t<div class=\"elementor-element elementor-element-6edeb15 elementor-widget elementor-widget-spacer\" data-id=\"6edeb15\" data-element_type=\"widget\" data-widget_type=\"spacer.default\">\n\t\t\t\t<div class=\"elementor-widget-container\">\n\t\t\t\t\t\t\t<div class=\"elementor-spacer\">\n\t\t\t<div class=\"elementor-spacer-inner\"><\/div>\n\t\t<\/div>\n\t\t\t\t\t\t<\/div>\n\t\t\t\t<\/div>\n\t\t<div class=\"elementor-element elementor-element-4132abb e-con-full e-flex e-con e-child\" data-id=\"4132abb\" data-element_type=\"container\">\n\t\t\t\t<div class=\"elementor-element-custom_font_family elementor-element-custom_font_weight elementor-element-custom_color elementor-element elementor-element-4ba2853 elementor-widget__width-initial elementor-widget elementor-widget-text-editor\" data-id=\"4ba2853\" data-element_type=\"widget\" data-widget_type=\"text-editor.default\">\n\t\t\t\t<div class=\"elementor-widget-container\">\n\t\t\t\t\t\t\t\t\t<div class=\"elementor-element elementor-element-2432dae elementor-widget elementor-widget-heading\" data-id=\"2432dae\" data-element_type=\"widget\" data-widget_type=\"heading.default\"><div class=\"elementor-widget-container\"><h3 class=\"elementor-heading-title elementor-size-default\"><strong>Experiencia:<\/strong><\/h3><p>Nina es abogada especializada en materia contenciosa, con una s\u00f3lida trayectoria en la resoluci\u00f3n de litigios y asesoramiento de clientes en diversos \u00e1mbitos. Actualmente, forma parte del departamento contencioso laboral, donde brinda asesor\u00eda y asistencia en la resoluci\u00f3n de conflictos laborales complejos.<br \/>Adem\u00e1s, ofrece asesor\u00eda jur\u00eddica a empresas del sector aeron\u00e1utico y log\u00edstico, ayud\u00e1ndolas a cumplir con las normativas y regulaciones vigentes, as\u00ed como en la resoluci\u00f3n de casos relacionados con su actividad.<\/p><\/div><\/div>\t\t\t\t\t\t\t\t<\/div>\n\t\t\t\t<\/div>\n\t\t\t\t<div class=\"elementor-element elementor-element-affca49 elementor-widget-divider--view-line elementor-widget elementor-widget-divider\" data-id=\"affca49\" data-element_type=\"widget\" data-widget_type=\"divider.default\">\n\t\t\t\t<div class=\"elementor-widget-container\">\n\t\t\t\t\t\t\t<div class=\"elementor-divider\">\n\t\t\t<span class=\"elementor-divider-separator\">\n\t\t\t\t\t\t<\/span>\n\t\t<\/div>\n\t\t\t\t\t\t<\/div>\n\t\t\t\t<\/div>\n\t\t\t\t<div class=\"elementor-element-custom_font_family elementor-element-custom_font_weight elementor-element-custom_color elementor-element elementor-element-f3f333f elementor-widget elementor-widget-text-editor\" data-id=\"f3f333f\" data-element_type=\"widget\" data-widget_type=\"text-editor.default\">\n\t\t\t\t<div class=\"elementor-widget-container\">\n\t\t\t\t\t\t\t\t\t<h4><b>\u00c1REAS DE PR\u00c1CTICA E INDUSTRIAS:<\/b><b><\/b><\/h4><ul><li aria-level=\"1\">Litigios y Resoluci\u00f3n de Conflictos<br \/>Derecho Laboral<br \/>Derecho Civil<br \/>Asesor\u00eda Jur\u00eddica en el Sector Aeron\u00e1utico<br \/>Asesor\u00eda Legal en Log\u00edstica<\/li><\/ul>\t\t\t\t\t\t\t\t<\/div>\n\t\t\t\t<\/div>\n\t\t\t\t<div class=\"elementor-element elementor-element-62fec3e elementor-widget-divider--view-line elementor-widget elementor-widget-divider\" data-id=\"62fec3e\" data-element_type=\"widget\" data-widget_type=\"divider.default\">\n\t\t\t\t<div class=\"elementor-widget-container\">\n\t\t\t\t\t\t\t<div class=\"elementor-divider\">\n\t\t\t<span class=\"elementor-divider-separator\">\n\t\t\t\t\t\t<\/span>\n\t\t<\/div>\n\t\t\t\t\t\t<\/div>\n\t\t\t\t<\/div>\n\t\t\t\t<\/div>\n\t\t<div class=\"elementor-element elementor-element-7ced638 e-con-full e-flex e-con e-child\" data-id=\"7ced638\" data-element_type=\"container\">\n\t\t\t\t<div class=\"elementor-element-custom_font_family elementor-element-custom_font_weight elementor-element-custom_color elementor-element elementor-element-8bab900 elementor-widget elementor-widget-text-editor\" data-id=\"8bab900\" data-element_type=\"widget\" data-widget_type=\"text-editor.default\">\n\t\t\t\t<div class=\"elementor-widget-container\">\n\t\t\t\t\t\t\t\t\t<p><b>EDUCACI\u00d3N:<br \/><\/b><\/p><ul><li aria-level=\"1\">Doctora en Derecho y Ciencias Sociales, Universidad de la Rep\u00fablica (Uruguay), 2018.<br \/>Postgrado en Derecho Procesal Aplicado, Universidad de Montevideo (Uruguay), 2021.<br \/>Estudiante de la Licenciatura en Relaciones Laborales.<\/li><\/ul><p><b>IDIOMAS<\/b><\/p><ul><li aria-level=\"1\"><span>Espa\u00f1ol<\/span><\/li><li aria-level=\"1\"><span>Ingl\u00e9s<\/span><\/li><\/ul><p><span>\u00a0<\/span><\/p>\t\t\t\t\t\t\t\t<\/div>\n\t\t\t\t<\/div>\n\t\t\t\t<\/div>\n\t\t\t\t<\/div>\n\t\t<div class=\"elementor-element elementor-element-1d6829b e-flex e-con-boxed e-con e-parent\" data-id=\"1d6829b\" data-element_type=\"container\">\n\t\t\t\t\t<div class=\"e-con-inner\">\n\t\t\t\t\t<\/div>\n\t\t\t\t<\/div>\n\t\t\t\t<\/div>\n\t\t","protected":false},"excerpt":{"rendered":"<p>Nina Di Marco A B O G A D A MAIL ndimarco@blancoetcheverry.com Experiencia: Nina es abogada especializada en materia contenciosa, con una s\u00f3lida trayectoria en la resoluci\u00f3n de litigios y asesoramiento de clientes en diversos \u00e1mbitos. Actualmente, forma parte del departamento contencioso laboral, donde brinda asesor\u00eda y asistencia en la resoluci\u00f3n de conflictos laborales complejos.Adem\u00e1s, [&hellip;]<\/p>\n","protected":false},"author":1,"featured_media":0,"parent":0,"menu_order":0,"comment_status":"closed","ping_status":"closed","template":"","meta":{"footnotes":""},"class_list":["post-2590","page","type-page","status-publish","hentry"],"_links":{"self":[{"href":"https:\/\/blancoetcheverry.com\/v2025\/index.php\/wp-json\/wp\/v2\/pages\/2590","targetHints":{"allow":["GET"]}}],"collection":[{"href":"https:\/\/blancoetcheverry.com\/v2025\/index.php\/wp-json\/wp\/v2\/pages"}],"about":[{"href":"https:\/\/blancoetcheverry.com\/v2025\/index.php\/wp-json\/wp\/v2\/types\/page"}],"author":[{"embeddable":true,"href":"https:\/\/blancoetcheverry.com\/v2025\/index.php\/wp-json\/wp\/v2\/users\/1"}],"replies":[{"embeddable":true,"href":"https:\/\/blancoetcheverry.com\/v2025\/index.php\/wp-json\/wp\/v2\/comments?post=2590"}],"version-history":[{"count":16,"href":"https:\/\/blancoetcheverry.com\/v2025\/index.php\/wp-json\/wp\/v2\/pages\/2590\/revisions"}],"predecessor-version":[{"id":3337,"href":"https:\/\/blancoetcheverry.com\/v2025\/index.php\/wp-json\/wp\/v2\/pages\/2590\/revisions\/3337"}],"wp:attachment":[{"href":"https:\/\/blancoetcheverry.com\/v2025\/index.php\/wp-json\/wp\/v2\/media?parent=2590"}],"curies":[{"name":"wp","href":"https:\/\/api.w.org\/{rel}","templated":true}]}}