{"id":2595,"date":"2025-03-05T15:31:52","date_gmt":"2025-03-05T15:31:52","guid":{"rendered":"https:\/\/blancoetcheverry.com\/v2025\/?page_id=2595"},"modified":"2025-08-27T18:30:48","modified_gmt":"2025-08-27T18:30:48","slug":"cristian-alvarez","status":"publish","type":"page","link":"https:\/\/blancoetcheverry.com\/v2025\/index.php\/cristian-alvarez\/","title":{"rendered":"Cristian \u00c1lvarez"},"content":{"rendered":"\t\t<div data-elementor-type=\"wp-page\" data-elementor-id=\"2595\" class=\"elementor elementor-2595\">\n\t\t\t\t<div class=\"elementor-element elementor-element-cd36871 e-con-full e-flex e-con e-parent\" data-id=\"cd36871\" data-element_type=\"container\">\n\t\t<div class=\"elementor-element elementor-element-a10dd52 e-con-full e-flex e-con e-child\" data-id=\"a10dd52\" data-element_type=\"container\">\n\t\t\t\t<div class=\"elementor-element elementor-element-1597ae6 elementor-widget__width-initial grid_gap-0 elementor-widget elementor-widget-gt3-core-team\" data-id=\"1597ae6\" data-element_type=\"widget\" data-widget_type=\"gt3-core-team.default\">\n\t\t\t\t<div class=\"elementor-widget-container\">\n\t\t\t\t\t\t<div class=\"module_team type2\" data-post-index=\"1\">\r\n\t\t<div class=\"shortcode_team \">\r\n\t\t\t<div class=\"items1\">\r\n\t\t\t\t\t\t\t\t<ul class=\"item_list \">\r\n\t\t\t\t\t<li class=\"item-team-member escribanos\"><div class=\"item_wrapper\"><div class=\"item\"><div class=\"team_img featured_img\"><img decoding=\"async\"  srcset=\"https:\/\/blancoetcheverry.com\/v2025\/wp-content\/uploads\/2025\/02\/CristianAlvarez-1-e1747251402129-1920x1920.jpg 1920w, https:\/\/blancoetcheverry.com\/v2025\/wp-content\/uploads\/2025\/02\/CristianAlvarez-1-e1747251402129-1600x1600.jpg 1600w, https:\/\/blancoetcheverry.com\/v2025\/wp-content\/uploads\/2025\/02\/CristianAlvarez-1-e1747251402129-1200x1200.jpg 1200w, https:\/\/blancoetcheverry.com\/v2025\/wp-content\/uploads\/2025\/02\/CristianAlvarez-1-e1747251402129-992x992.jpg 992w, https:\/\/blancoetcheverry.com\/v2025\/wp-content\/uploads\/2025\/02\/CristianAlvarez-1-e1747251402129-768x768.jpg 768w, https:\/\/blancoetcheverry.com\/v2025\/wp-content\/uploads\/2025\/02\/CristianAlvarez-1-e1747251402129-600x600.jpg 600w,https:\/\/blancoetcheverry.com\/v2025\/wp-content\/uploads\/2025\/02\/CristianAlvarez-1-e1747251402129-420x420.jpg 420w\" src=\"https:\/\/blancoetcheverry.com\/v2025\/wp-content\/uploads\/2025\/02\/CristianAlvarez-1-e1747251402129-1600x1600.jpg\" sizes=\"(min-width: 1600px) 1920px, (min-width: 1200px) 1600px, (min-width: 992px) 1200px, (min-width: 768px) 992px, (min-width: 600px) 768px, (min-width: 420px) 600px, (max-width: 600px) 420px\" title=\"CristianAlvarez-1\"  alt=\"CristianAlvarez-1\" \/><\/div><div class=\"team_icons_wrapper\"><div class=\"member-icons\"><div class=\"team-icons\"><a href=\"#\" class=\"member-icon fa fa-linkedin\" ><span><\/span><\/a><\/div><\/div><\/div><div class=\"team-infobox\"><div class=\"team_title\"><div class=\"team_title_wrapper\"><h3 class=\"team_title__text\">Cristian Alvarez<\/h3><div class=\"team-positions\">E S C R I B A N O - P \u00da B L I C O<\/div><\/div><\/div><div class=\"gt3_single_team_info\"><div class=\"gt3_single_team_info__item\"><h4>MAIL<\/h4><a href=\"http:\/\/calvarez@blancoetcheverry.com\" target=\"_blank\"><span>calvarez@blancoetcheverry.com<\/span><\/a><\/div><\/div><\/div><\/div><\/div><\/li>\t\t\t\t<\/ul>\r\n\t\t\t\t<div class=\"clear\"><\/div>\r\n\t\t\t<\/div>\r\n\t\t<\/div>\r\n\t\t\t<\/div>\r\n<script type=\"application\/json\" id=\"settings--1597ae6\">{\"type\":\"type2\",\"pagination_en\":false,\"posts_per_line\":1,\"grid_gap\":\"0\",\"query\":{\"post_status\":[\"publish\"],\"post_type\":\"team\",\"posts_per_page\":\"1\",\"post__in\":[\"2301\"],\"paged\":1},\"link_post\":\"\",\"custom_item_height\":\"\",\"show_social\":\"yes\",\"show_position\":\"yes\",\"show_title\":\"yes\",\"show_description\":\"yes\"}<\/script>\t\t\t\t<\/div>\n\t\t\t\t<\/div>\n\t\t\t\t<\/div>\n\t\t\t\t<div class=\"elementor-element elementor-element-248ad1a elementor-widget elementor-widget-spacer\" data-id=\"248ad1a\" data-element_type=\"widget\" data-widget_type=\"spacer.default\">\n\t\t\t\t<div class=\"elementor-widget-container\">\n\t\t\t\t\t\t\t<div class=\"elementor-spacer\">\n\t\t\t<div class=\"elementor-spacer-inner\"><\/div>\n\t\t<\/div>\n\t\t\t\t\t\t<\/div>\n\t\t\t\t<\/div>\n\t\t<div class=\"elementor-element elementor-element-39263e4 e-con-full e-flex e-con e-child\" data-id=\"39263e4\" data-element_type=\"container\">\n\t\t\t\t<div class=\"elementor-element-custom_font_family elementor-element-custom_font_weight elementor-element-custom_color elementor-element elementor-element-029e2d0 elementor-widget__width-initial elementor-widget elementor-widget-text-editor\" data-id=\"029e2d0\" data-element_type=\"widget\" data-widget_type=\"text-editor.default\">\n\t\t\t\t<div class=\"elementor-widget-container\">\n\t\t\t\t\t\t\t\t\t<div class=\"elementor-element elementor-element-2432dae elementor-widget elementor-widget-heading\" data-id=\"2432dae\" data-element_type=\"widget\" data-widget_type=\"heading.default\"><div class=\"elementor-widget-container\"><h3 class=\"elementor-heading-title elementor-size-default\"><strong>Experiencia:<\/strong><\/h3><p>\u00a0<\/p><p>Escribano con s\u00f3lida experiencia en derecho comercial y negocios inmobiliario, especializado en la redacci\u00f3n y negociaci\u00f3n de contratos de hipotecas, prendas, leasing, compraventas y arrendamientos de inmuebles rurales y urbanos.<\/p><p class=\"p1\">Experto en procesos de Due Diligence, fideicomisos, dise\u00f1ar y estructurar inversiones inmobiliarias y rurales, incluyendo REITs, as\u00ed como brindar asesoramiento integral en la compra, venta y arrendamiento de inmuebles destinados a fines residenciales, tur\u00edsticos, industriales, comerciales y agronegocios.<\/p><p class=\"p1\">Aspirante a profesor adscripto en la c\u00e1tedra de Derecho Comercial en la Facultad de Derecho de la Universidad de la Rep\u00fablica, donde dicta clases de Derecho Comercial y Financiamiento Empresarial.<\/p><p class=\"p1\">Miembro activo del Instituto de Derecho Comercial de la misma facultad e integrante de las comisiones t\u00e9cnicas de Derecho Comercial y Derecho Inform\u00e1tico y Tecnol\u00f3gico de la Asociaci\u00f3n de Escribanos del Uruguay.<\/p><\/div><\/div>\t\t\t\t\t\t\t\t<\/div>\n\t\t\t\t<\/div>\n\t\t\t\t<div class=\"elementor-element elementor-element-a0e7e35 elementor-widget-divider--view-line elementor-widget elementor-widget-divider\" data-id=\"a0e7e35\" data-element_type=\"widget\" data-widget_type=\"divider.default\">\n\t\t\t\t<div class=\"elementor-widget-container\">\n\t\t\t\t\t\t\t<div class=\"elementor-divider\">\n\t\t\t<span class=\"elementor-divider-separator\">\n\t\t\t\t\t\t<\/span>\n\t\t<\/div>\n\t\t\t\t\t\t<\/div>\n\t\t\t\t<\/div>\n\t\t\t\t<div class=\"elementor-element-custom_font_family elementor-element-custom_font_weight elementor-element-custom_color elementor-element elementor-element-d9a919c elementor-widget elementor-widget-text-editor\" data-id=\"d9a919c\" data-element_type=\"widget\" data-widget_type=\"text-editor.default\">\n\t\t\t\t<div class=\"elementor-widget-container\">\n\t\t\t\t\t\t\t\t\t<h4><b>\u00c1REAS DE PR\u00c1CTICA E INDUSTRIAS:<\/b><b><\/b><\/h4><ul><li aria-level=\"1\"><span>Notarial<\/span><span><\/span><\/li><\/ul>\t\t\t\t\t\t\t\t<\/div>\n\t\t\t\t<\/div>\n\t\t\t\t<\/div>\n\t\t<div class=\"elementor-element elementor-element-b47130d e-con-full e-flex e-con e-child\" data-id=\"b47130d\" data-element_type=\"container\">\n\t\t\t\t<div class=\"elementor-element-custom_font_family elementor-element-custom_font_weight elementor-element-custom_color elementor-element elementor-element-8d6231c elementor-widget elementor-widget-text-editor\" data-id=\"8d6231c\" data-element_type=\"widget\" data-widget_type=\"text-editor.default\">\n\t\t\t\t<div class=\"elementor-widget-container\">\n\t\t\t\t\t\t\t\t\t<p><b>EDUCACI\u00d3N:<\/b><span><br \/><\/span><\/p><ul><li aria-level=\"1\"><span>Escribano P\u00fablico, Universidad de la Rep\u00fablica (Uruguay), 2018.\u00a0<\/span><\/li><li aria-level=\"1\"><span>Postgrado en Asesoramiento Corporativo, Universidad de Montevideo (Uruguay), 2022.<\/span><\/li><\/ul><p>\u00a0<\/p><p>\u00a0<\/p><p><b>IDIOMAS<\/b><\/p><ul><li aria-level=\"1\"><span>Espa\u00f1ol<\/span><\/li><li aria-level=\"1\"><span>Ingl\u00e9s<\/span><\/li><li aria-level=\"1\"><span>Portugu\u00e9s<\/span><\/li><\/ul>\t\t\t\t\t\t\t\t<\/div>\n\t\t\t\t<\/div>\n\t\t\t\t<div class=\"elementor-element elementor-element-355cc3a elementor-widget-divider--view-line elementor-widget elementor-widget-divider\" data-id=\"355cc3a\" data-element_type=\"widget\" data-widget_type=\"divider.default\">\n\t\t\t\t<div class=\"elementor-widget-container\">\n\t\t\t\t\t\t\t<div class=\"elementor-divider\">\n\t\t\t<span class=\"elementor-divider-separator\">\n\t\t\t\t\t\t<\/span>\n\t\t<\/div>\n\t\t\t\t\t\t<\/div>\n\t\t\t\t<\/div>\n\t\t\t\t<\/div>\n\t\t\t\t<\/div>\n\t\t<div class=\"elementor-element elementor-element-878d2d7 e-flex e-con-boxed e-con e-parent\" data-id=\"878d2d7\" data-element_type=\"container\">\n\t\t\t\t\t<div class=\"e-con-inner\">\n\t\t\t\t<div class=\"elementor-element elementor-element-acd161c elementor-widget elementor-widget-spacer\" data-id=\"acd161c\" data-element_type=\"widget\" data-widget_type=\"spacer.default\">\n\t\t\t\t<div class=\"elementor-widget-container\">\n\t\t\t\t\t\t\t<div class=\"elementor-spacer\">\n\t\t\t<div class=\"elementor-spacer-inner\"><\/div>\n\t\t<\/div>\n\t\t\t\t\t\t<\/div>\n\t\t\t\t<\/div>\n\t\t\t\t\t<\/div>\n\t\t\t\t<\/div>\n\t\t\t\t<\/div>\n\t\t","protected":false},"excerpt":{"rendered":"<p>Cristian Alvarez E S C R I B A N O | P \u00da B L I C O MAIL calvarez@blancoetcheverry.com Experiencia: \u00a0 Escribano con s\u00f3lida experiencia en derecho comercial y negocios inmobiliario, especializado en la redacci\u00f3n y negociaci\u00f3n de contratos de hipotecas, prendas, leasing, compraventas y arrendamientos de inmuebles rurales y urbanos. Experto en [&hellip;]<\/p>\n","protected":false},"author":1,"featured_media":0,"parent":0,"menu_order":0,"comment_status":"closed","ping_status":"closed","template":"","meta":{"footnotes":""},"class_list":["post-2595","page","type-page","status-publish","hentry"],"_links":{"self":[{"href":"https:\/\/blancoetcheverry.com\/v2025\/index.php\/wp-json\/wp\/v2\/pages\/2595","targetHints":{"allow":["GET"]}}],"collection":[{"href":"https:\/\/blancoetcheverry.com\/v2025\/index.php\/wp-json\/wp\/v2\/pages"}],"about":[{"href":"https:\/\/blancoetcheverry.com\/v2025\/index.php\/wp-json\/wp\/v2\/types\/page"}],"author":[{"embeddable":true,"href":"https:\/\/blancoetcheverry.com\/v2025\/index.php\/wp-json\/wp\/v2\/users\/1"}],"replies":[{"embeddable":true,"href":"https:\/\/blancoetcheverry.com\/v2025\/index.php\/wp-json\/wp\/v2\/comments?post=2595"}],"version-history":[{"count":16,"href":"https:\/\/blancoetcheverry.com\/v2025\/index.php\/wp-json\/wp\/v2\/pages\/2595\/revisions"}],"predecessor-version":[{"id":3283,"href":"https:\/\/blancoetcheverry.com\/v2025\/index.php\/wp-json\/wp\/v2\/pages\/2595\/revisions\/3283"}],"wp:attachment":[{"href":"https:\/\/blancoetcheverry.com\/v2025\/index.php\/wp-json\/wp\/v2\/media?parent=2595"}],"curies":[{"name":"wp","href":"https:\/\/api.w.org\/{rel}","templated":true}]}}