{"id":2812,"date":"2025-03-27T18:05:35","date_gmt":"2025-03-27T18:05:35","guid":{"rendered":"https:\/\/blancoetcheverry.com\/v2025\/?page_id=2812"},"modified":"2025-08-27T18:36:26","modified_gmt":"2025-08-27T18:36:26","slug":"mariana-viera","status":"publish","type":"page","link":"https:\/\/blancoetcheverry.com\/v2025\/index.php\/mariana-viera\/","title":{"rendered":"Mariana Viera"},"content":{"rendered":"\t\t<div data-elementor-type=\"wp-page\" data-elementor-id=\"2812\" class=\"elementor elementor-2812\">\n\t\t\t\t<div class=\"elementor-element elementor-element-af71f90 e-con-full e-flex e-con e-parent\" data-id=\"af71f90\" data-element_type=\"container\">\n\t\t<div class=\"elementor-element elementor-element-844d5d1 e-con-full e-flex e-con e-child\" data-id=\"844d5d1\" data-element_type=\"container\">\n\t\t\t\t<div class=\"elementor-element elementor-element-e26e0c8 elementor-widget__width-initial grid_gap-0 elementor-widget elementor-widget-gt3-core-team\" data-id=\"e26e0c8\" data-element_type=\"widget\" data-widget_type=\"gt3-core-team.default\">\n\t\t\t\t<div class=\"elementor-widget-container\">\n\t\t\t\t\t\t<div class=\"module_team type2\" data-post-index=\"1\">\r\n\t\t<div class=\"shortcode_team \">\r\n\t\t\t<div class=\"items1\">\r\n\t\t\t\t\t\t\t\t<ul class=\"item_list \">\r\n\t\t\t\t\t<li class=\"item-team-member contadores\"><div class=\"item_wrapper\"><div class=\"item\"><div class=\"team_img featured_img\"><img decoding=\"async\"  srcset=\"https:\/\/blancoetcheverry.com\/v2025\/wp-content\/uploads\/2025\/02\/mariana-e1747425711208-1920x1920.jpg 1920w, https:\/\/blancoetcheverry.com\/v2025\/wp-content\/uploads\/2025\/02\/mariana-e1747425711208-1600x1600.jpg 1600w, https:\/\/blancoetcheverry.com\/v2025\/wp-content\/uploads\/2025\/02\/mariana-e1747425711208-1200x1200.jpg 1200w, https:\/\/blancoetcheverry.com\/v2025\/wp-content\/uploads\/2025\/02\/mariana-e1747425711208-992x992.jpg 992w, https:\/\/blancoetcheverry.com\/v2025\/wp-content\/uploads\/2025\/02\/mariana-e1747425711208-768x768.jpg 768w, https:\/\/blancoetcheverry.com\/v2025\/wp-content\/uploads\/2025\/02\/mariana-e1747425711208-600x600.jpg 600w,https:\/\/blancoetcheverry.com\/v2025\/wp-content\/uploads\/2025\/02\/mariana-e1747425711208-420x420.jpg 420w\" src=\"https:\/\/blancoetcheverry.com\/v2025\/wp-content\/uploads\/2025\/02\/mariana-e1747425711208-1600x1600.jpg\" sizes=\"(min-width: 1600px) 1920px, (min-width: 1200px) 1600px, (min-width: 992px) 1200px, (min-width: 768px) 992px, (min-width: 600px) 768px, (min-width: 420px) 600px, (max-width: 600px) 420px\" title=\"mariana\"  alt=\"mariana\" \/><\/div><div class=\"team_icons_wrapper\"><div class=\"member-icons\"><div class=\"team-icons\"><a href=\"#\" class=\"member-icon fa fa-linkedin\" ><span><\/span><\/a><\/div><\/div><\/div><div class=\"team-infobox\"><div class=\"team_title\"><div class=\"team_title_wrapper\"><h3 class=\"team_title__text\">Mariana Viera<\/h3><div class=\"team-positions\">C O N T A D O R A - P \u00da B L I C A<\/div><\/div><\/div><div class=\"gt3_single_team_info\"><div class=\"gt3_single_team_info__item\"><h4>MAIL<\/h4><a href=\"http:\/\/mviera@blancoetcheverry.com\" target=\"_blank\"><span>mviera@blancoetcheverry.com<\/span><\/a><\/div><\/div><\/div><\/div><\/div><\/li>\t\t\t\t<\/ul>\r\n\t\t\t\t<div class=\"clear\"><\/div>\r\n\t\t\t<\/div>\r\n\t\t<\/div>\r\n\t\t\t<\/div>\r\n<script type=\"application\/json\" id=\"settings--e26e0c8\">{\"type\":\"type2\",\"pagination_en\":false,\"posts_per_line\":1,\"grid_gap\":\"0\",\"query\":{\"post_status\":[\"publish\"],\"post_type\":\"team\",\"posts_per_page\":\"1\",\"post__in\":[\"2297\"],\"paged\":1},\"link_post\":\"\",\"custom_item_height\":\"\",\"show_social\":\"yes\",\"show_position\":\"yes\",\"show_title\":\"yes\",\"show_description\":\"yes\"}<\/script>\t\t\t\t<\/div>\n\t\t\t\t<\/div>\n\t\t\t\t<\/div>\n\t\t\t\t<div class=\"elementor-element elementor-element-aa21d84 elementor-widget elementor-widget-spacer\" data-id=\"aa21d84\" data-element_type=\"widget\" data-widget_type=\"spacer.default\">\n\t\t\t\t<div class=\"elementor-widget-container\">\n\t\t\t\t\t\t\t<div class=\"elementor-spacer\">\n\t\t\t<div class=\"elementor-spacer-inner\"><\/div>\n\t\t<\/div>\n\t\t\t\t\t\t<\/div>\n\t\t\t\t<\/div>\n\t\t<div class=\"elementor-element elementor-element-a46013d e-con-full e-flex e-con e-child\" data-id=\"a46013d\" data-element_type=\"container\">\n\t\t\t\t<div class=\"elementor-element-custom_font_family elementor-element-custom_font_weight elementor-element-custom_color elementor-element elementor-element-ef1eeb0 elementor-widget__width-initial elementor-widget elementor-widget-text-editor\" data-id=\"ef1eeb0\" data-element_type=\"widget\" data-widget_type=\"text-editor.default\">\n\t\t\t\t<div class=\"elementor-widget-container\">\n\t\t\t\t\t\t\t\t\t<div class=\"elementor-element elementor-element-2432dae elementor-widget elementor-widget-heading\" data-id=\"2432dae\" data-element_type=\"widget\" data-widget_type=\"heading.default\"><div class=\"elementor-widget-container\"><h3 class=\"elementor-heading-title elementor-size-default\"><strong>Experiencia:<\/strong><\/h3><p>Contadora P\u00fablica con una s\u00f3lida experiencia en las \u00e1reas laboral, contable, fiscal y societaria.<\/p><p>Desde el a\u00f1o 2017, ha acumulado conocimientos pr\u00e1cticos y habilidades t\u00e9cnicas que le permiten ofrecer un servicio integral a empresas y personas, garantizando el cumplimiento de sus obligaciones fiscales, laborales y contables.<\/p><p>Antes de ingresar al estudio Blanco &amp; Etcheverry en el a\u00f1o 2021, trabaj\u00f3 durante 5 a\u00f1os en un prestigioso estudio de primera l\u00ednea de Uruguay, donde perfeccion\u00f3 sus capacidades en asesoramiento y gesti\u00f3n.<\/p><p>Su enfoque est\u00e1 en brindar soluciones eficientes y adaptadas a las necesidades espec\u00edficas de cada cliente, manteniendo un alto nivel de compromiso y profesionalismo.<\/p><\/div><\/div>\t\t\t\t\t\t\t\t<\/div>\n\t\t\t\t<\/div>\n\t\t\t\t<div class=\"elementor-element elementor-element-945624c elementor-widget-divider--view-line elementor-widget elementor-widget-divider\" data-id=\"945624c\" data-element_type=\"widget\" data-widget_type=\"divider.default\">\n\t\t\t\t<div class=\"elementor-widget-container\">\n\t\t\t\t\t\t\t<div class=\"elementor-divider\">\n\t\t\t<span class=\"elementor-divider-separator\">\n\t\t\t\t\t\t<\/span>\n\t\t<\/div>\n\t\t\t\t\t\t<\/div>\n\t\t\t\t<\/div>\n\t\t\t\t<div class=\"elementor-element-custom_font_family elementor-element-custom_font_weight elementor-element-custom_color elementor-element elementor-element-180572a elementor-widget elementor-widget-text-editor\" data-id=\"180572a\" data-element_type=\"widget\" data-widget_type=\"text-editor.default\">\n\t\t\t\t<div class=\"elementor-widget-container\">\n\t\t\t\t\t\t\t\t\t<h4><b>\u00c1REAS DE PR\u00c1CTICA E INDUSTRIAS:<\/b><b><\/b><\/h4><ul><li aria-level=\"1\">Fiscal<\/li><li aria-level=\"1\">Contable<\/li><li aria-level=\"1\">Societario<\/li><li aria-level=\"1\">Laboral<\/li><\/ul>\t\t\t\t\t\t\t\t<\/div>\n\t\t\t\t<\/div>\n\t\t\t\t<div class=\"elementor-element elementor-element-a7d3b04 elementor-widget-divider--view-line elementor-widget elementor-widget-divider\" data-id=\"a7d3b04\" data-element_type=\"widget\" data-widget_type=\"divider.default\">\n\t\t\t\t<div class=\"elementor-widget-container\">\n\t\t\t\t\t\t\t<div class=\"elementor-divider\">\n\t\t\t<span class=\"elementor-divider-separator\">\n\t\t\t\t\t\t<\/span>\n\t\t<\/div>\n\t\t\t\t\t\t<\/div>\n\t\t\t\t<\/div>\n\t\t\t\t<\/div>\n\t\t<div class=\"elementor-element elementor-element-c94eb27 e-con-full e-flex e-con e-child\" data-id=\"c94eb27\" data-element_type=\"container\">\n\t\t\t\t<div class=\"elementor-element-custom_font_family elementor-element-custom_font_weight elementor-element-custom_color elementor-element elementor-element-bce852d elementor-widget elementor-widget-text-editor\" data-id=\"bce852d\" data-element_type=\"widget\" data-widget_type=\"text-editor.default\">\n\t\t\t\t<div class=\"elementor-widget-container\">\n\t\t\t\t\t\t\t\t\t<p><b>EDUCACI\u00d3N:<br \/><\/b><\/p><ul><li aria-level=\"1\">Contadora P\u00fablica, Universidad de la Rep\u00fablica (Uruguay)<\/li><\/ul><p>\u00a0<\/p><p><b>IDIOMAS<\/b><\/p><ul><li aria-level=\"1\"><span>Espa\u00f1ol<\/span><\/li><li aria-level=\"1\"><span>Ingl\u00e9s<\/span><\/li><li aria-level=\"1\">Portugu\u00e9s<\/li><\/ul>\t\t\t\t\t\t\t\t<\/div>\n\t\t\t\t<\/div>\n\t\t\t\t<\/div>\n\t\t\t\t<\/div>\n\t\t\t\t<\/div>\n\t\t","protected":false},"excerpt":{"rendered":"<p>Mariana Viera C O N T A D O R A | P \u00da B L I C A MAIL mviera@blancoetcheverry.com Experiencia: Contadora P\u00fablica con una s\u00f3lida experiencia en las \u00e1reas laboral, contable, fiscal y societaria. Desde el a\u00f1o 2017, ha acumulado conocimientos pr\u00e1cticos y habilidades t\u00e9cnicas que le permiten ofrecer un servicio integral a [&hellip;]<\/p>\n","protected":false},"author":1,"featured_media":0,"parent":0,"menu_order":0,"comment_status":"closed","ping_status":"closed","template":"elementor_header_footer","meta":{"footnotes":""},"class_list":["post-2812","page","type-page","status-publish","hentry"],"_links":{"self":[{"href":"https:\/\/blancoetcheverry.com\/v2025\/index.php\/wp-json\/wp\/v2\/pages\/2812","targetHints":{"allow":["GET"]}}],"collection":[{"href":"https:\/\/blancoetcheverry.com\/v2025\/index.php\/wp-json\/wp\/v2\/pages"}],"about":[{"href":"https:\/\/blancoetcheverry.com\/v2025\/index.php\/wp-json\/wp\/v2\/types\/page"}],"author":[{"embeddable":true,"href":"https:\/\/blancoetcheverry.com\/v2025\/index.php\/wp-json\/wp\/v2\/users\/1"}],"replies":[{"embeddable":true,"href":"https:\/\/blancoetcheverry.com\/v2025\/index.php\/wp-json\/wp\/v2\/comments?post=2812"}],"version-history":[{"count":28,"href":"https:\/\/blancoetcheverry.com\/v2025\/index.php\/wp-json\/wp\/v2\/pages\/2812\/revisions"}],"predecessor-version":[{"id":3313,"href":"https:\/\/blancoetcheverry.com\/v2025\/index.php\/wp-json\/wp\/v2\/pages\/2812\/revisions\/3313"}],"wp:attachment":[{"href":"https:\/\/blancoetcheverry.com\/v2025\/index.php\/wp-json\/wp\/v2\/media?parent=2812"}],"curies":[{"name":"wp","href":"https:\/\/api.w.org\/{rel}","templated":true}]}}