{"id":2824,"date":"2025-03-27T18:17:35","date_gmt":"2025-03-27T18:17:35","guid":{"rendered":"https:\/\/blancoetcheverry.com\/v2025\/?page_id=2824"},"modified":"2025-08-27T18:36:02","modified_gmt":"2025-08-27T18:36:02","slug":"maria-eugenia-uteda","status":"publish","type":"page","link":"https:\/\/blancoetcheverry.com\/v2025\/index.php\/maria-eugenia-uteda\/","title":{"rendered":"Mar\u00eda Eugenia Uteda"},"content":{"rendered":"\t\t<div data-elementor-type=\"wp-page\" data-elementor-id=\"2824\" class=\"elementor elementor-2824\">\n\t\t\t\t<div class=\"elementor-element elementor-element-9608e0c e-con-full e-flex e-con e-parent\" data-id=\"9608e0c\" data-element_type=\"container\">\n\t\t<div class=\"elementor-element elementor-element-6df2365 e-con-full e-flex e-con e-child\" data-id=\"6df2365\" data-element_type=\"container\">\n\t\t\t\t<div class=\"elementor-element elementor-element-bcbea48 elementor-widget__width-initial grid_gap-0 elementor-widget elementor-widget-gt3-core-team\" data-id=\"bcbea48\" data-element_type=\"widget\" data-widget_type=\"gt3-core-team.default\">\n\t\t\t\t<div class=\"elementor-widget-container\">\n\t\t\t\t\t\t<div class=\"module_team type2\" data-post-index=\"1\">\r\n\t\t<div class=\"shortcode_team \">\r\n\t\t\t<div class=\"items1\">\r\n\t\t\t\t\t\t\t\t<ul class=\"item_list \">\r\n\t\t\t\t\t<li class=\"item-team-member contadores\"><div class=\"item_wrapper\"><div class=\"item\"><div class=\"team_img featured_img\"><img decoding=\"async\"  srcset=\"https:\/\/blancoetcheverry.com\/v2025\/wp-content\/uploads\/2025\/02\/Maria-Eugenia-Uteda-e1747251013990-1920x1920.jpg 1920w, https:\/\/blancoetcheverry.com\/v2025\/wp-content\/uploads\/2025\/02\/Maria-Eugenia-Uteda-e1747251013990-1600x1600.jpg 1600w, https:\/\/blancoetcheverry.com\/v2025\/wp-content\/uploads\/2025\/02\/Maria-Eugenia-Uteda-e1747251013990-1200x1200.jpg 1200w, https:\/\/blancoetcheverry.com\/v2025\/wp-content\/uploads\/2025\/02\/Maria-Eugenia-Uteda-e1747251013990-992x992.jpg 992w, https:\/\/blancoetcheverry.com\/v2025\/wp-content\/uploads\/2025\/02\/Maria-Eugenia-Uteda-e1747251013990-768x768.jpg 768w, https:\/\/blancoetcheverry.com\/v2025\/wp-content\/uploads\/2025\/02\/Maria-Eugenia-Uteda-e1747251013990-600x600.jpg 600w,https:\/\/blancoetcheverry.com\/v2025\/wp-content\/uploads\/2025\/02\/Maria-Eugenia-Uteda-e1747251013990-420x420.jpg 420w\" src=\"https:\/\/blancoetcheverry.com\/v2025\/wp-content\/uploads\/2025\/02\/Maria-Eugenia-Uteda-e1747251013990-1600x1600.jpg\" sizes=\"(min-width: 1600px) 1920px, (min-width: 1200px) 1600px, (min-width: 992px) 1200px, (min-width: 768px) 992px, (min-width: 600px) 768px, (min-width: 420px) 600px, (max-width: 600px) 420px\" title=\"Maria-Eugenia-Uteda\"  alt=\"Maria-Eugenia-Uteda\" \/><\/div><div class=\"team_icons_wrapper\"><div class=\"member-icons\"><div class=\"team-icons\"><a href=\"#\" class=\"member-icon fa fa-linkedin\" ><span><\/span><\/a><\/div><\/div><\/div><div class=\"team-infobox\"><div class=\"team_title\"><div class=\"team_title_wrapper\"><h3 class=\"team_title__text\">Maria Eugenia Uteda<\/h3><div class=\"team-positions\">C O N T A D O R A - P \u00da B L I C A<\/div><\/div><\/div><div class=\"gt3_single_team_info\"><div class=\"gt3_single_team_info__item\"><h4>MAIL<\/h4><a href=\"http:\/\/muteda@blancoetcheverry.com\" target=\"_blank\"><span>muteda@blancoetcheverry.com<\/span><\/a><\/div><\/div><\/div><\/div><\/div><\/li>\t\t\t\t<\/ul>\r\n\t\t\t\t<div class=\"clear\"><\/div>\r\n\t\t\t<\/div>\r\n\t\t<\/div>\r\n\t\t\t<\/div>\r\n<script type=\"application\/json\" id=\"settings--bcbea48\">{\"type\":\"type2\",\"pagination_en\":false,\"posts_per_line\":1,\"grid_gap\":\"0\",\"query\":{\"post_status\":[\"publish\"],\"post_type\":\"team\",\"posts_per_page\":\"1\",\"post__in\":[\"2293\"],\"paged\":1},\"link_post\":\"\",\"custom_item_height\":\"\",\"show_social\":\"yes\",\"show_position\":\"yes\",\"show_title\":\"yes\",\"show_description\":\"yes\"}<\/script>\t\t\t\t<\/div>\n\t\t\t\t<\/div>\n\t\t\t\t<\/div>\n\t\t\t\t<div class=\"elementor-element elementor-element-65db820 elementor-widget elementor-widget-spacer\" data-id=\"65db820\" data-element_type=\"widget\" data-widget_type=\"spacer.default\">\n\t\t\t\t<div class=\"elementor-widget-container\">\n\t\t\t\t\t\t\t<div class=\"elementor-spacer\">\n\t\t\t<div class=\"elementor-spacer-inner\"><\/div>\n\t\t<\/div>\n\t\t\t\t\t\t<\/div>\n\t\t\t\t<\/div>\n\t\t<div class=\"elementor-element elementor-element-1de68e1 e-con-full e-flex e-con e-child\" data-id=\"1de68e1\" data-element_type=\"container\">\n\t\t\t\t<div class=\"elementor-element-custom_font_family elementor-element-custom_font_weight elementor-element-custom_color elementor-element elementor-element-1ec2f6f elementor-widget__width-initial elementor-widget elementor-widget-text-editor\" data-id=\"1ec2f6f\" data-element_type=\"widget\" data-widget_type=\"text-editor.default\">\n\t\t\t\t<div class=\"elementor-widget-container\">\n\t\t\t\t\t\t\t\t\t<p><strong>EXPERIENCIA<\/strong>:<\/p><p>Mar\u00eda Eugenia Uteda es Contadora P\u00fablica, egresada de la Universidad ORT en 2020. Inici\u00f3 su carrera profesional en marzo de 2019, incorpor\u00e1ndose al equipo de Blanco &amp; Etcheverry. Desde entonces, ha desarrollado su pr\u00e1ctica en las \u00e1reas contable, fiscal, laboral y societaria, brindando un enfoque integral y personalizado.<\/p><p>Actualmente cursa un posgrado de especializaci\u00f3n en Impuestos en la Universidad ORT, lo que le permite mantenerse actualizada en normativa tributaria y profundizar su visi\u00f3n estrat\u00e9gica en el asesoramiento fiscal.<\/p>\t\t\t\t\t\t\t\t<\/div>\n\t\t\t\t<\/div>\n\t\t\t\t<div class=\"elementor-element elementor-element-c6167bc elementor-widget-divider--view-line elementor-widget elementor-widget-divider\" data-id=\"c6167bc\" data-element_type=\"widget\" data-widget_type=\"divider.default\">\n\t\t\t\t<div class=\"elementor-widget-container\">\n\t\t\t\t\t\t\t<div class=\"elementor-divider\">\n\t\t\t<span class=\"elementor-divider-separator\">\n\t\t\t\t\t\t<\/span>\n\t\t<\/div>\n\t\t\t\t\t\t<\/div>\n\t\t\t\t<\/div>\n\t\t\t\t<div class=\"elementor-element-custom_font_family elementor-element-custom_font_weight elementor-element-custom_color elementor-element elementor-element-f112c3e elementor-widget elementor-widget-text-editor\" data-id=\"f112c3e\" data-element_type=\"widget\" data-widget_type=\"text-editor.default\">\n\t\t\t\t<div class=\"elementor-widget-container\">\n\t\t\t\t\t\t\t\t\t<h4><b>\u00c1REAS DE PR\u00c1CTICA E INDUSTRIAS:<\/b><b><\/b><\/h4><ul><li aria-level=\"1\">Fiscal\u00a0<\/li><li aria-level=\"1\">Contable<\/li><li aria-level=\"1\">Laboral<\/li><li aria-level=\"1\">Societario<\/li><\/ul>\t\t\t\t\t\t\t\t<\/div>\n\t\t\t\t<\/div>\n\t\t\t\t<div class=\"elementor-element elementor-element-e214417 elementor-widget-divider--view-line elementor-widget elementor-widget-divider\" data-id=\"e214417\" data-element_type=\"widget\" data-widget_type=\"divider.default\">\n\t\t\t\t<div class=\"elementor-widget-container\">\n\t\t\t\t\t\t\t<div class=\"elementor-divider\">\n\t\t\t<span class=\"elementor-divider-separator\">\n\t\t\t\t\t\t<\/span>\n\t\t<\/div>\n\t\t\t\t\t\t<\/div>\n\t\t\t\t<\/div>\n\t\t\t\t<\/div>\n\t\t<div class=\"elementor-element elementor-element-bba944a e-con-full e-flex e-con e-child\" data-id=\"bba944a\" data-element_type=\"container\">\n\t\t\t\t<div class=\"elementor-element-custom_font_family elementor-element-custom_font_weight elementor-element-custom_color elementor-element elementor-element-94d6f9b elementor-widget elementor-widget-text-editor\" data-id=\"94d6f9b\" data-element_type=\"widget\" data-widget_type=\"text-editor.default\">\n\t\t\t\t<div class=\"elementor-widget-container\">\n\t\t\t\t\t\t\t\t\t<p><b>EDUCACI\u00d3N:<br \/><\/b><\/p><ul><li aria-level=\"1\">Contadora P\u00fablica, Universidad ORT (Uruguay), 2020<\/li><li aria-level=\"1\">Postgrado en Especializaci\u00f3n en Impuestos, Universidad ORT(Uruguay), en curso<\/li><\/ul><p><b>IDIOMAS<\/b><\/p><ul><li aria-level=\"1\"><span>Espa\u00f1ol<\/span><\/li><li aria-level=\"1\"><span>Ingl\u00e9s<\/span><\/li><\/ul><p><span>\u00a0<\/span><\/p>\t\t\t\t\t\t\t\t<\/div>\n\t\t\t\t<\/div>\n\t\t\t\t<\/div>\n\t\t\t\t<\/div>\n\t\t<div class=\"elementor-element elementor-element-198a4ae e-flex e-con-boxed e-con e-parent\" data-id=\"198a4ae\" data-element_type=\"container\">\n\t\t\t\t\t<div class=\"e-con-inner\">\n\t\t\t\t\t<\/div>\n\t\t\t\t<\/div>\n\t\t\t\t<\/div>\n\t\t","protected":false},"excerpt":{"rendered":"<p>Maria Eugenia Uteda C O N T A D O R A | P \u00da B L I C A MAIL muteda@blancoetcheverry.com EXPERIENCIA: Mar\u00eda Eugenia Uteda es Contadora P\u00fablica, egresada de la Universidad ORT en 2020. Inici\u00f3 su carrera profesional en marzo de 2019, incorpor\u00e1ndose al equipo de Blanco &amp; Etcheverry. Desde entonces, ha desarrollado [&hellip;]<\/p>\n","protected":false},"author":1,"featured_media":0,"parent":0,"menu_order":0,"comment_status":"closed","ping_status":"closed","template":"","meta":{"footnotes":""},"class_list":["post-2824","page","type-page","status-publish","hentry"],"_links":{"self":[{"href":"https:\/\/blancoetcheverry.com\/v2025\/index.php\/wp-json\/wp\/v2\/pages\/2824","targetHints":{"allow":["GET"]}}],"collection":[{"href":"https:\/\/blancoetcheverry.com\/v2025\/index.php\/wp-json\/wp\/v2\/pages"}],"about":[{"href":"https:\/\/blancoetcheverry.com\/v2025\/index.php\/wp-json\/wp\/v2\/types\/page"}],"author":[{"embeddable":true,"href":"https:\/\/blancoetcheverry.com\/v2025\/index.php\/wp-json\/wp\/v2\/users\/1"}],"replies":[{"embeddable":true,"href":"https:\/\/blancoetcheverry.com\/v2025\/index.php\/wp-json\/wp\/v2\/comments?post=2824"}],"version-history":[{"count":31,"href":"https:\/\/blancoetcheverry.com\/v2025\/index.php\/wp-json\/wp\/v2\/pages\/2824\/revisions"}],"predecessor-version":[{"id":3310,"href":"https:\/\/blancoetcheverry.com\/v2025\/index.php\/wp-json\/wp\/v2\/pages\/2824\/revisions\/3310"}],"wp:attachment":[{"href":"https:\/\/blancoetcheverry.com\/v2025\/index.php\/wp-json\/wp\/v2\/media?parent=2824"}],"curies":[{"name":"wp","href":"https:\/\/api.w.org\/{rel}","templated":true}]}}