{"id":2889,"date":"2025-03-28T18:05:19","date_gmt":"2025-03-28T18:05:19","guid":{"rendered":"https:\/\/blancoetcheverry.com\/v2025\/?page_id=2889"},"modified":"2025-08-27T18:28:21","modified_gmt":"2025-08-27T18:28:21","slug":"chantal-de-vries","status":"publish","type":"page","link":"https:\/\/blancoetcheverry.com\/v2025\/index.php\/chantal-de-vries\/","title":{"rendered":"Chantal De Vries"},"content":{"rendered":"\t\t<div data-elementor-type=\"wp-page\" data-elementor-id=\"2889\" class=\"elementor elementor-2889\">\n\t\t\t\t<div class=\"elementor-element elementor-element-f8a55ac e-con-full e-flex e-con e-parent\" data-id=\"f8a55ac\" data-element_type=\"container\">\n\t\t<div class=\"elementor-element elementor-element-1c36f53 e-con-full e-flex e-con e-child\" data-id=\"1c36f53\" data-element_type=\"container\">\n\t\t\t\t<div class=\"elementor-element elementor-element-f672835 elementor-widget__width-initial grid_gap-0 elementor-widget elementor-widget-gt3-core-team\" data-id=\"f672835\" data-element_type=\"widget\" data-widget_type=\"gt3-core-team.default\">\n\t\t\t\t<div class=\"elementor-widget-container\">\n\t\t\t\t\t\t<div class=\"module_team type2\" data-post-index=\"1\">\r\n\t\t<div class=\"shortcode_team \">\r\n\t\t\t<div class=\"items1\">\r\n\t\t\t\t\t\t\t\t<ul class=\"item_list \">\r\n\t\t\t\t\t<li class=\"item-team-member contadores\"><div class=\"item_wrapper\"><div class=\"item\"><div class=\"team_img featured_img\"><img decoding=\"async\"  srcset=\"https:\/\/blancoetcheverry.com\/v2025\/wp-content\/uploads\/2025\/02\/Chantal-De-Vries-1920x1920.jpg 1920w, https:\/\/blancoetcheverry.com\/v2025\/wp-content\/uploads\/2025\/02\/Chantal-De-Vries-1600x1600.jpg 1600w, https:\/\/blancoetcheverry.com\/v2025\/wp-content\/uploads\/2025\/02\/Chantal-De-Vries-1200x1200.jpg 1200w, https:\/\/blancoetcheverry.com\/v2025\/wp-content\/uploads\/2025\/02\/Chantal-De-Vries-992x992.jpg 992w, https:\/\/blancoetcheverry.com\/v2025\/wp-content\/uploads\/2025\/02\/Chantal-De-Vries-768x768.jpg 768w, https:\/\/blancoetcheverry.com\/v2025\/wp-content\/uploads\/2025\/02\/Chantal-De-Vries-600x600.jpg 600w,https:\/\/blancoetcheverry.com\/v2025\/wp-content\/uploads\/2025\/02\/Chantal-De-Vries-420x420.jpg 420w\" src=\"https:\/\/blancoetcheverry.com\/v2025\/wp-content\/uploads\/2025\/02\/Chantal-De-Vries-1600x1600.jpg\" sizes=\"(min-width: 1600px) 1920px, (min-width: 1200px) 1600px, (min-width: 992px) 1200px, (min-width: 768px) 992px, (min-width: 600px) 768px, (min-width: 420px) 600px, (max-width: 600px) 420px\" title=\"Chantal-De-Vries\"  alt=\"Chantal-De-Vries\" \/><\/div><div class=\"team_icons_wrapper\"><div class=\"member-icons\"><div class=\"team-icons\"><a href=\"#\" class=\"member-icon fa fa-linkedin\" ><span><\/span><\/a><\/div><\/div><\/div><div class=\"team-infobox\"><div class=\"team_title\"><div class=\"team_title_wrapper\"><h3 class=\"team_title__text\">Chantal De Vries<\/h3><div class=\"team-positions\">C O N T A D O R A - P \u00da B L I C A<\/div><\/div><\/div><div class=\"gt3_single_team_info\"><div class=\"gt3_single_team_info__item\"><h4>MAIL<\/h4><a href=\"http:\/\/cdevries@blancoetcheverry.com\" target=\"_blank\"><span>cdevries@blancoetcheverry.com<\/span><\/a><\/div><\/div><\/div><\/div><\/div><\/li>\t\t\t\t<\/ul>\r\n\t\t\t\t<div class=\"clear\"><\/div>\r\n\t\t\t<\/div>\r\n\t\t<\/div>\r\n\t\t\t<\/div>\r\n<script type=\"application\/json\" id=\"settings--f672835\">{\"type\":\"type2\",\"pagination_en\":false,\"posts_per_line\":1,\"grid_gap\":\"0\",\"query\":{\"post_status\":[\"publish\"],\"post_type\":\"team\",\"posts_per_page\":\"1\",\"post__in\":[\"2299\"],\"paged\":1},\"link_post\":\"\",\"custom_item_height\":\"\",\"show_social\":\"yes\",\"show_position\":\"yes\",\"show_title\":\"yes\",\"show_description\":\"yes\"}<\/script>\t\t\t\t<\/div>\n\t\t\t\t<\/div>\n\t\t\t\t<\/div>\n\t\t<div class=\"elementor-element elementor-element-411433f e-con-full e-flex e-con e-child\" data-id=\"411433f\" data-element_type=\"container\">\n\t\t\t\t<div class=\"elementor-element-custom_font_family elementor-element-custom_font_weight elementor-element-custom_color elementor-element elementor-element-cdb7145 elementor-widget__width-initial elementor-widget elementor-widget-text-editor\" data-id=\"cdb7145\" data-element_type=\"widget\" data-widget_type=\"text-editor.default\">\n\t\t\t\t<div class=\"elementor-widget-container\">\n\t\t\t\t\t\t\t\t\t<div class=\"elementor-element elementor-element-2432dae elementor-widget elementor-widget-heading\" data-id=\"2432dae\" data-element_type=\"widget\" data-widget_type=\"heading.default\"><div class=\"elementor-widget-container\"><h3 class=\"elementor-heading-title elementor-size-default\"><strong>\u00c1REAS DE PR\u00c1CTICA :<\/strong><\/h3><ul><li aria-level=\"1\"><span>Fiscal <\/span><\/li><li aria-level=\"1\">Contable<\/li><li aria-level=\"1\">Laboral\u00a0<\/li><li aria-level=\"1\">Societario<\/li><\/ul><\/div><\/div>\t\t\t\t\t\t\t\t<\/div>\n\t\t\t\t<\/div>\n\t\t\t\t<\/div>\n\t\t<div class=\"elementor-element elementor-element-f4013cf e-con-full e-flex e-con e-child\" data-id=\"f4013cf\" data-element_type=\"container\">\n\t\t\t\t<div class=\"elementor-element-custom_font_family elementor-element-custom_font_weight elementor-element-custom_color elementor-element elementor-element-52ccc2d elementor-widget elementor-widget-text-editor\" data-id=\"52ccc2d\" data-element_type=\"widget\" data-widget_type=\"text-editor.default\">\n\t\t\t\t<div class=\"elementor-widget-container\">\n\t\t\t\t\t\t\t\t\t<p><b>EDUCACI\u00d3N:<\/b><\/p><ul><li aria-level=\"1\"><span>Contadora P\u00fablica, Universidad de la Rep\u00fablica ()Uruguay), 2019<\/span><\/li><li aria-level=\"1\">Licenciada en Administraci\u00f3n, Universidad de la rep\u00fablica (Uruguay), 2023<\/li><\/ul><p><b>IDIOMAS<\/b><\/p><ul><li aria-level=\"1\"><span>Espa\u00f1ol<\/span><\/li><li aria-level=\"1\">Franc\u00e9s<\/li><\/ul><p><span>\u00a0<\/span><\/p>\t\t\t\t\t\t\t\t<\/div>\n\t\t\t\t<\/div>\n\t\t\t\t<\/div>\n\t\t\t\t<\/div>\n\t\t\t\t<\/div>\n\t\t","protected":false},"excerpt":{"rendered":"<p>Chantal De Vries C O N T A D O R A | P \u00da B L I C A MAIL cdevries@blancoetcheverry.com \u00c1REAS DE PR\u00c1CTICA : Fiscal Contable Laboral\u00a0 Societario EDUCACI\u00d3N: Contadora P\u00fablica, Universidad de la Rep\u00fablica ()Uruguay), 2019 Licenciada en Administraci\u00f3n, Universidad de la rep\u00fablica (Uruguay), 2023 IDIOMAS Espa\u00f1ol Franc\u00e9s \u00a0<\/p>\n","protected":false},"author":1,"featured_media":0,"parent":0,"menu_order":0,"comment_status":"closed","ping_status":"closed","template":"","meta":{"footnotes":""},"class_list":["post-2889","page","type-page","status-publish","hentry"],"_links":{"self":[{"href":"https:\/\/blancoetcheverry.com\/v2025\/index.php\/wp-json\/wp\/v2\/pages\/2889","targetHints":{"allow":["GET"]}}],"collection":[{"href":"https:\/\/blancoetcheverry.com\/v2025\/index.php\/wp-json\/wp\/v2\/pages"}],"about":[{"href":"https:\/\/blancoetcheverry.com\/v2025\/index.php\/wp-json\/wp\/v2\/types\/page"}],"author":[{"embeddable":true,"href":"https:\/\/blancoetcheverry.com\/v2025\/index.php\/wp-json\/wp\/v2\/users\/1"}],"replies":[{"embeddable":true,"href":"https:\/\/blancoetcheverry.com\/v2025\/index.php\/wp-json\/wp\/v2\/comments?post=2889"}],"version-history":[{"count":10,"href":"https:\/\/blancoetcheverry.com\/v2025\/index.php\/wp-json\/wp\/v2\/pages\/2889\/revisions"}],"predecessor-version":[{"id":3271,"href":"https:\/\/blancoetcheverry.com\/v2025\/index.php\/wp-json\/wp\/v2\/pages\/2889\/revisions\/3271"}],"wp:attachment":[{"href":"https:\/\/blancoetcheverry.com\/v2025\/index.php\/wp-json\/wp\/v2\/media?parent=2889"}],"curies":[{"name":"wp","href":"https:\/\/api.w.org\/{rel}","templated":true}]}}