{"id":2904,"date":"2025-03-28T18:19:20","date_gmt":"2025-03-28T18:19:20","guid":{"rendered":"https:\/\/blancoetcheverry.com\/v2025\/?page_id=2904"},"modified":"2025-08-27T18:35:10","modified_gmt":"2025-08-27T18:35:10","slug":"marcelo-yakes","status":"publish","type":"page","link":"https:\/\/blancoetcheverry.com\/v2025\/index.php\/marcelo-yakes\/","title":{"rendered":"Marcelo Yakes"},"content":{"rendered":"\t\t<div data-elementor-type=\"wp-page\" data-elementor-id=\"2904\" class=\"elementor elementor-2904\">\n\t\t\t\t<div class=\"elementor-element elementor-element-6765b90 e-con-full e-flex e-con e-parent\" data-id=\"6765b90\" data-element_type=\"container\">\n\t\t<div class=\"elementor-element elementor-element-5fcd852 e-con-full e-flex e-con e-child\" data-id=\"5fcd852\" data-element_type=\"container\">\n\t\t\t\t<div class=\"elementor-element elementor-element-67a9f9b elementor-widget__width-initial grid_gap-0 elementor-widget elementor-widget-gt3-core-team\" data-id=\"67a9f9b\" data-element_type=\"widget\" data-widget_type=\"gt3-core-team.default\">\n\t\t\t\t<div class=\"elementor-widget-container\">\n\t\t\t\t\t\t<div class=\"module_team type2\" data-post-index=\"1\">\r\n\t\t<div class=\"shortcode_team \">\r\n\t\t\t<div class=\"items1\">\r\n\t\t\t\t\t\t\t\t<ul class=\"item_list \">\r\n\t\t\t\t\t<li class=\"item-team-member contadores\"><div class=\"item_wrapper\"><div class=\"item\"><div class=\"team_img featured_img\"><img decoding=\"async\"  srcset=\"https:\/\/blancoetcheverry.com\/v2025\/wp-content\/uploads\/2025\/02\/Marcelo-Yakes-e1747251333397-1920x1920.jpg 1920w, https:\/\/blancoetcheverry.com\/v2025\/wp-content\/uploads\/2025\/02\/Marcelo-Yakes-e1747251333397-1600x1600.jpg 1600w, https:\/\/blancoetcheverry.com\/v2025\/wp-content\/uploads\/2025\/02\/Marcelo-Yakes-e1747251333397-1200x1200.jpg 1200w, https:\/\/blancoetcheverry.com\/v2025\/wp-content\/uploads\/2025\/02\/Marcelo-Yakes-e1747251333397-992x992.jpg 992w, https:\/\/blancoetcheverry.com\/v2025\/wp-content\/uploads\/2025\/02\/Marcelo-Yakes-e1747251333397-768x768.jpg 768w, https:\/\/blancoetcheverry.com\/v2025\/wp-content\/uploads\/2025\/02\/Marcelo-Yakes-e1747251333397-600x600.jpg 600w,https:\/\/blancoetcheverry.com\/v2025\/wp-content\/uploads\/2025\/02\/Marcelo-Yakes-e1747251333397-420x420.jpg 420w\" src=\"https:\/\/blancoetcheverry.com\/v2025\/wp-content\/uploads\/2025\/02\/Marcelo-Yakes-e1747251333397-1600x1600.jpg\" sizes=\"(min-width: 1600px) 1920px, (min-width: 1200px) 1600px, (min-width: 992px) 1200px, (min-width: 768px) 992px, (min-width: 600px) 768px, (min-width: 420px) 600px, (max-width: 600px) 420px\" title=\"Marcelo-Yakes\"  alt=\"Marcelo-Yakes\" \/><\/div><div class=\"team_icons_wrapper\"><div class=\"member-icons\"><div class=\"team-icons\"><a href=\"#\" class=\"member-icon fa fa-linkedin\" ><span><\/span><\/a><\/div><\/div><\/div><div class=\"team-infobox\"><div class=\"team_title\"><div class=\"team_title_wrapper\"><h3 class=\"team_title__text\">Marcelo Yakes<\/h3><div class=\"team-positions\">A U X I L I A R - C O N T A B L E<\/div><\/div><\/div><div class=\"gt3_single_team_info\"><div class=\"gt3_single_team_info__item\"><h4>MAIL<\/h4><a href=\"http:\/\/myakes@blancoetcheverry.com\" target=\"_blank\"><span>myakes@blancoetcheverry.com<\/span><\/a><\/div><\/div><\/div><\/div><\/div><\/li>\t\t\t\t<\/ul>\r\n\t\t\t\t<div class=\"clear\"><\/div>\r\n\t\t\t<\/div>\r\n\t\t<\/div>\r\n\t\t\t<\/div>\r\n<script type=\"application\/json\" id=\"settings--67a9f9b\">{\"type\":\"type2\",\"pagination_en\":false,\"posts_per_line\":1,\"grid_gap\":\"0\",\"query\":{\"post_status\":[\"publish\"],\"post_type\":\"team\",\"posts_per_page\":\"1\",\"post__in\":[\"2310\"],\"paged\":1},\"link_post\":\"\",\"custom_item_height\":\"\",\"show_social\":\"yes\",\"show_position\":\"yes\",\"show_title\":\"yes\",\"show_description\":\"yes\"}<\/script>\t\t\t\t<\/div>\n\t\t\t\t<\/div>\n\t\t\t\t<\/div>\n\t\t<div class=\"elementor-element elementor-element-8d7c4d3 e-con-full e-flex e-con e-child\" data-id=\"8d7c4d3\" data-element_type=\"container\">\n\t\t\t\t<div class=\"elementor-element-custom_font_family elementor-element-custom_font_weight elementor-element-custom_color elementor-element elementor-element-0315c38 elementor-widget__width-initial elementor-widget elementor-widget-text-editor\" data-id=\"0315c38\" data-element_type=\"widget\" data-widget_type=\"text-editor.default\">\n\t\t\t\t<div class=\"elementor-widget-container\">\n\t\t\t\t\t\t\t\t\t<div class=\"elementor-element elementor-element-2432dae elementor-widget elementor-widget-heading\" data-id=\"2432dae\" data-element_type=\"widget\" data-widget_type=\"heading.default\"><div class=\"elementor-widget-container\"><p class=\"elementor-heading-title elementor-size-default\"><strong>\u00c1REAS DE PR\u00c1CTICA:<\/strong><\/p><ul><li><span>Contable <\/span><\/li><li>Tributario<\/li><li>Laboral<\/li><\/ul><\/div><\/div>\t\t\t\t\t\t\t\t<\/div>\n\t\t\t\t<\/div>\n\t\t\t\t<\/div>\n\t\t<div class=\"elementor-element elementor-element-24e6fd5 e-con-full e-flex e-con e-child\" data-id=\"24e6fd5\" data-element_type=\"container\">\n\t\t\t\t<div class=\"elementor-element-custom_font_family elementor-element-custom_font_weight elementor-element-custom_color elementor-element elementor-element-44d3aec elementor-widget elementor-widget-text-editor\" data-id=\"44d3aec\" data-element_type=\"widget\" data-widget_type=\"text-editor.default\">\n\t\t\t\t<div class=\"elementor-widget-container\">\n\t\t\t\t\t\t\t\t\t<p><b>EDUCACI\u00d3N:<\/b><\/p><p>Estudiante de Contador P\u00fablica, Universidad de la Rep\u00fablica (Uruguay).<\/p><p><b>IDIOMAS<\/b><\/p><ul><li aria-level=\"1\"><span>Espa\u00f1ol<\/span><\/li><\/ul><p><span>\u00a0<\/span><\/p>\t\t\t\t\t\t\t\t<\/div>\n\t\t\t\t<\/div>\n\t\t\t\t<\/div>\n\t\t\t\t<\/div>\n\t\t\t\t<\/div>\n\t\t","protected":false},"excerpt":{"rendered":"<p>Marcelo Yakes A U X I L I A R C O N T A B L E MAIL myakes@blancoetcheverry.com \u00c1REAS DE PR\u00c1CTICA: Contable Tributario Laboral EDUCACI\u00d3N: Estudiante de Contador P\u00fablica, Universidad de la Rep\u00fablica (Uruguay). IDIOMAS Espa\u00f1ol \u00a0<\/p>\n","protected":false},"author":1,"featured_media":0,"parent":0,"menu_order":0,"comment_status":"closed","ping_status":"closed","template":"","meta":{"footnotes":""},"class_list":["post-2904","page","type-page","status-publish","hentry"],"_links":{"self":[{"href":"https:\/\/blancoetcheverry.com\/v2025\/index.php\/wp-json\/wp\/v2\/pages\/2904","targetHints":{"allow":["GET"]}}],"collection":[{"href":"https:\/\/blancoetcheverry.com\/v2025\/index.php\/wp-json\/wp\/v2\/pages"}],"about":[{"href":"https:\/\/blancoetcheverry.com\/v2025\/index.php\/wp-json\/wp\/v2\/types\/page"}],"author":[{"embeddable":true,"href":"https:\/\/blancoetcheverry.com\/v2025\/index.php\/wp-json\/wp\/v2\/users\/1"}],"replies":[{"embeddable":true,"href":"https:\/\/blancoetcheverry.com\/v2025\/index.php\/wp-json\/wp\/v2\/comments?post=2904"}],"version-history":[{"count":10,"href":"https:\/\/blancoetcheverry.com\/v2025\/index.php\/wp-json\/wp\/v2\/pages\/2904\/revisions"}],"predecessor-version":[{"id":3304,"href":"https:\/\/blancoetcheverry.com\/v2025\/index.php\/wp-json\/wp\/v2\/pages\/2904\/revisions\/3304"}],"wp:attachment":[{"href":"https:\/\/blancoetcheverry.com\/v2025\/index.php\/wp-json\/wp\/v2\/media?parent=2904"}],"curies":[{"name":"wp","href":"https:\/\/api.w.org\/{rel}","templated":true}]}}